{"id":1086,"date":"2022-01-18T10:08:03","date_gmt":"2022-01-18T10:08:03","guid":{"rendered":"https:\/\/mobiss.be\/?page_id=1086"},"modified":"2023-11-03T10:07:58","modified_gmt":"2023-11-03T10:07:58","slug":"cookie-policy","status":"publish","type":"page","link":"https:\/\/mobiss.be\/de\/cookie-policy\/","title":{"rendered":"Cookie-Politik"},"content":{"rendered":"<div data-elementor-type=\"wp-page\" data-elementor-id=\"1086\" class=\"elementor elementor-1086\" data-elementor-post-type=\"page\">\n\t\t\t\t\t\t<section class=\"elementor-section elementor-top-section elementor-element elementor-element-fb7a6e8 elementor-section-boxed elementor-section-height-default elementor-section-height-default\" data-id=\"fb7a6e8\" data-element_type=\"section\">\n\t\t\t\t\t\t<div class=\"elementor-container elementor-column-gap-default\">\n\t\t\t\t\t<div class=\"elementor-column elementor-col-100 elementor-top-column elementor-element elementor-element-803abe9\" data-id=\"803abe9\" data-element_type=\"column\">\n\t\t\t<div class=\"elementor-widget-wrap elementor-element-populated\">\n\t\t\t\t\t\t<div class=\"elementor-element elementor-element-930aae5 elementor-widget elementor-widget-heading\" data-id=\"930aae5\" data-element_type=\"widget\" data-widget_type=\"heading.default\">\n\t\t\t\t<div class=\"elementor-widget-container\">\n\t\t\t<h1 class=\"elementor-heading-title elementor-size-default\">Cookie-Politik<\/h1>\t\t<\/div>\n\t\t\t\t<\/div>\n\t\t\t\t<div class=\"elementor-element elementor-element-6fa8342 elementor-widget elementor-widget-text-editor\" data-id=\"6fa8342\" data-element_type=\"widget\" data-widget_type=\"text-editor.default\">\n\t\t\t\t<div class=\"elementor-widget-container\">\n\t\t\t\t\t\t\t<p>Cookies sind kleine, einfache Textdateien, die auf der Festplatte Ihres Computers abgelegt werden, wenn Sie eine Webseite besuchen. Diese Cookies k\u00f6nnen sicherstellen, dass Ihr Website-Besuch optimiert wird. Beispielsweise werden Ihre Pr\u00e4ferenzen gespeichert, um Ihnen nur Informationen anzuzeigen, die f\u00fcr Sie von Interesse sind. Ein weiterer Vorteil ist, dass Sie sich nicht jedes Mal anmelden oder dieselben Informationen eingeben m\u00fcssen, wenn Sie eine bestimmte Website besuchen.<\/p>\t\t\t\t\t\t<\/div>\n\t\t\t\t<\/div>\n\t\t\t\t<div class=\"elementor-element elementor-element-d4cb9a2 elementor-widget elementor-widget-text-editor\" data-id=\"d4cb9a2\" data-element_type=\"widget\" data-widget_type=\"text-editor.default\">\n\t\t\t\t<div class=\"elementor-widget-container\">\n\t\t\t\t\t\t\t<p class=\"sqsrte-small\">Ab Mai 2018 trat die neue Verordnung der EU in Kraft: die Datenschutz-Grundverordnung (DSGVO). Cookies d\u00fcrfen nur mit ausdr\u00fccklicher Zustimmung des Internetnutzers gesetzt werden. Deshalb teilen wir Ihnen mit, dass unsere Website Cookies verwendet und was der Grund daf\u00fcr ist.<\/p>\t\t\t\t\t\t<\/div>\n\t\t\t\t<\/div>\n\t\t\t\t<div class=\"elementor-element elementor-element-ddc1c2b elementor-widget elementor-widget-text-editor\" data-id=\"ddc1c2b\" data-element_type=\"widget\" data-widget_type=\"text-editor.default\">\n\t\t\t\t<div class=\"elementor-widget-container\">\n\t\t\t\t\t\t\t<p>Dies sind Cookies, die f\u00fcr das Funktionieren der Website erforderlich sind. Ohne diese Cookies k\u00f6nnen bestimmte Teile nicht verwendet werden. Das Gesetz erlaubt uns, Cookies auf Ihrem Ger\u00e4t zu speichern, wenn sie f\u00fcr die Nutzung der Website unbedingt erforderlich sind. F\u00fcr alle anderen Arten von Cookies ben\u00f6tigen wir Ihre Zustimmung.\u00a0<\/p>\t\t\t\t\t\t<\/div>\n\t\t\t\t<\/div>\n\t\t\t\t<div class=\"elementor-element elementor-element-6c16ede elementor-widget elementor-widget-text-editor\" data-id=\"6c16ede\" data-element_type=\"widget\" data-widget_type=\"text-editor.default\">\n\t\t\t\t<div class=\"elementor-widget-container\">\n\t\t\t\t\t\t\t<p>Pr\u00e4ferenz-Cookies erm\u00f6glichen es dieser Website, sich Informationen zu merken, die das Verhalten und Design der Website beeinflussen, wie z. B. Ihre bevorzugte Sprache oder die Region, in der Sie leben.<\/p>\t\t\t\t\t\t<\/div>\n\t\t\t\t<\/div>\n\t\t\t\t<div class=\"elementor-element elementor-element-ba805f7 elementor-widget elementor-widget-text-editor\" data-id=\"ba805f7\" data-element_type=\"widget\" data-widget_type=\"text-editor.default\">\n\t\t\t\t<div class=\"elementor-widget-container\">\n\t\t\t\t\t\t\t<p class=\"sqsrte-small\">Auch Besucherstatistiken k\u00f6nnen mit Hilfe von Cookies nachverfolgt werden. Wir verwenden Google Analytics, um Einblick in das Verhalten der Besucher unserer Website zu erhalten. Anhand dieser Daten erhalten wir Einblick in das Surf- und Besuchsverhalten unserer Besucher und k\u00f6nnen unsere Website ggf. f\u00fcr Sie optimieren. Die Informationen, die Google sammelt, sind anonymisiert. Es werden daher keine personenbezogenen Daten gespeichert, was bedeutet, dass wir diese Cookies ohne Erlaubnis platzieren d\u00fcrfen. Wir geben diese Informationen nicht an Dritte weiter.\u00a0<\/p>\t\t\t\t\t\t<\/div>\n\t\t\t\t<\/div>\n\t\t\t\t<div class=\"elementor-element elementor-element-1fe20b6 elementor-widget elementor-widget-text-editor\" data-id=\"1fe20b6\" data-element_type=\"widget\" data-widget_type=\"text-editor.default\">\n\t\t\t\t<div class=\"elementor-widget-container\">\n\t\t\t\t\t\t\t<p class=\"sqsrte-small\">Mit Hilfe von Tracking-Cookies k\u00f6nnen wir unter anderem gezielter werben und registrieren, welche Unternehmen und Organisationen unsere Website besuchen. So k\u00f6nnen wir Angebote anpassen und Besucher mit interessanten Vorschl\u00e4gen ansprechen. Diese Cookies werden nur platziert, wenn Sie dies erlauben. Wir verwenden derzeit keine Tracking-Cookies.<\/p>\t\t\t\t\t\t<\/div>\n\t\t\t\t<\/div>\n\t\t\t\t<div class=\"elementor-element elementor-element-14d1fec elementor-widget elementor-widget-text-editor\" data-id=\"14d1fec\" data-element_type=\"widget\" data-widget_type=\"text-editor.default\">\n\t\t\t\t<div class=\"elementor-widget-container\">\n\t\t\t\t\t\t\t<p>\u00dcber das Cookie-Banner, das auf unserer Website erscheint, wenn Sie diese besuchen, und \u00fcber die Einstellungen Ihres Browsers k\u00f6nnen Sie entscheiden, ob Sie Cookies akzeptieren oder ablehnen. Die meisten Browser sind standardm\u00e4\u00dfig so eingestellt, dass sie Cookies akzeptieren, aber Sie k\u00f6nnen Ihre Browsereinstellungen normalerweise so anpassen, dass Cookies abgelehnt werden. Sie m\u00fcssen dies pro Browser und f\u00fcr jeden Computer zur\u00fccksetzen. Eine Erkl\u00e4rung, wie Sie die Einstellungen \u00e4ndern k\u00f6nnen, finden Sie in der \u201eHilfefunktion\u201c Ihres Browsers.\u00a0<\/p><p>Hinweis: Es ist m\u00f6glich, dass einige Funktionen und Dienste auf unseren und anderen Websites nicht richtig funktionieren, wenn Cookies in Ihrem Browser deaktiviert sind.<\/p><p>Versie: 3\/11\/2023<\/p>\t\t\t\t\t\t<\/div>\n\t\t\t\t<\/div>\n\t\t\t\t\t<\/div>\n\t\t<\/div>\n\t\t\t\t\t<\/div>\n\t\t<\/section>\n\t\t\t\t<\/div>","protected":false},"excerpt":{"rendered":"<p>Cookie policy Cookies zijn kleine, eenvoudige tekstbestandjes die op de harde schijf van uw computer worden gezet als u een webpagina bezoekt. Deze cookies kunnen ervoor zorgen dat uw websitebezoek wordt geoptimaliseerd. Zo worden bijvoorbeeld uw voorkeuren onthouden om u alleen informatie te tonen die voor u interessant is. Een ander voordeel is dat u [&hellip;]<\/p>","protected":false},"author":1,"featured_media":0,"parent":0,"menu_order":0,"comment_status":"closed","ping_status":"closed","template":"","meta":{"footnotes":""},"class_list":["post-1086","page","type-page","status-publish","hentry"],"yoast_head":"<!-- This site is optimized with the Yoast SEO plugin v23.9 - https:\/\/yoast.com\/wordpress\/plugins\/seo\/ -->\n<title>Cookie policy - Mobiss<\/title>\n<meta name=\"robots\" content=\"index, follow, max-snippet:-1, max-image-preview:large, max-video-preview:-1\" \/>\n<link rel=\"canonical\" href=\"https:\/\/mobiss.be\/de\/cookie-policy\/\" \/>\n<meta property=\"og:locale\" content=\"de_DE\" \/>\n<meta property=\"og:type\" content=\"article\" \/>\n<meta property=\"og:title\" content=\"Cookie policy - Mobiss\" \/>\n<meta property=\"og:description\" content=\"Cookie policy Cookies zijn kleine, eenvoudige tekstbestandjes die op de harde schijf van uw computer worden gezet als u een webpagina bezoekt. Deze cookies kunnen ervoor zorgen dat uw websitebezoek wordt geoptimaliseerd. Zo worden bijvoorbeeld uw voorkeuren onthouden om u alleen informatie te tonen die voor u interessant is. Een ander voordeel is dat u [&hellip;]\" \/>\n<meta property=\"og:url\" content=\"https:\/\/mobiss.be\/de\/cookie-policy\/\" \/>\n<meta property=\"og:site_name\" content=\"Mobiss\" \/>\n<meta property=\"article:modified_time\" content=\"2023-11-03T10:07:58+00:00\" \/>\n<meta name=\"twitter:card\" content=\"summary_large_image\" \/>\n<meta name=\"twitter:label1\" content=\"Gesch\u00e4tzte Lesezeit\" \/>\n\t<meta name=\"twitter:data1\" content=\"3\u00a0Minuten\" \/>\n<script type=\"application\/ld+json\" class=\"yoast-schema-graph\">{\"@context\":\"https:\/\/schema.org\",\"@graph\":[{\"@type\":\"WebPage\",\"@id\":\"https:\/\/mobiss.be\/cookie-policy\/\",\"url\":\"https:\/\/mobiss.be\/cookie-policy\/\",\"name\":\"Cookie policy - Mobiss\",\"isPartOf\":{\"@id\":\"https:\/\/mobiss.be\/#website\"},\"datePublished\":\"2022-01-18T10:08:03+00:00\",\"dateModified\":\"2023-11-03T10:07:58+00:00\",\"breadcrumb\":{\"@id\":\"https:\/\/mobiss.be\/cookie-policy\/#breadcrumb\"},\"inLanguage\":\"de\",\"potentialAction\":[{\"@type\":\"ReadAction\",\"target\":[\"https:\/\/mobiss.be\/cookie-policy\/\"]}]},{\"@type\":\"BreadcrumbList\",\"@id\":\"https:\/\/mobiss.be\/cookie-policy\/#breadcrumb\",\"itemListElement\":[{\"@type\":\"ListItem\",\"position\":1,\"name\":\"Home\",\"item\":\"https:\/\/mobiss.be\/\"},{\"@type\":\"ListItem\",\"position\":2,\"name\":\"Cookie policy\"}]},{\"@type\":\"WebSite\",\"@id\":\"https:\/\/mobiss.be\/#website\",\"url\":\"https:\/\/mobiss.be\/\",\"name\":\"Mobiss\",\"description\":\"Raadpleeg altijd en overal uw verzekeringsbewijs\",\"potentialAction\":[{\"@type\":\"SearchAction\",\"target\":{\"@type\":\"EntryPoint\",\"urlTemplate\":\"https:\/\/mobiss.be\/?s={search_term_string}\"},\"query-input\":{\"@type\":\"PropertyValueSpecification\",\"valueRequired\":true,\"valueName\":\"search_term_string\"}}],\"inLanguage\":\"de\"}]}<\/script>\n<!-- \/ Yoast SEO plugin. -->","yoast_head_json":{"title":"Cookie policy - Mobiss","robots":{"index":"index","follow":"follow","max-snippet":"max-snippet:-1","max-image-preview":"max-image-preview:large","max-video-preview":"max-video-preview:-1"},"canonical":"https:\/\/mobiss.be\/de\/cookie-policy\/","og_locale":"de_DE","og_type":"article","og_title":"Cookie policy - Mobiss","og_description":"Cookie policy Cookies zijn kleine, eenvoudige tekstbestandjes die op de harde schijf van uw computer worden gezet als u een webpagina bezoekt. Deze cookies kunnen ervoor zorgen dat uw websitebezoek wordt geoptimaliseerd. Zo worden bijvoorbeeld uw voorkeuren onthouden om u alleen informatie te tonen die voor u interessant is. Een ander voordeel is dat u [&hellip;]","og_url":"https:\/\/mobiss.be\/de\/cookie-policy\/","og_site_name":"Mobiss","article_modified_time":"2023-11-03T10:07:58+00:00","twitter_card":"summary_large_image","twitter_misc":{"Gesch\u00e4tzte Lesezeit":"3\u00a0Minuten"},"schema":{"@context":"https:\/\/schema.org","@graph":[{"@type":"WebPage","@id":"https:\/\/mobiss.be\/cookie-policy\/","url":"https:\/\/mobiss.be\/cookie-policy\/","name":"Cookie policy - Mobiss","isPartOf":{"@id":"https:\/\/mobiss.be\/#website"},"datePublished":"2022-01-18T10:08:03+00:00","dateModified":"2023-11-03T10:07:58+00:00","breadcrumb":{"@id":"https:\/\/mobiss.be\/cookie-policy\/#breadcrumb"},"inLanguage":"de","potentialAction":[{"@type":"ReadAction","target":["https:\/\/mobiss.be\/cookie-policy\/"]}]},{"@type":"BreadcrumbList","@id":"https:\/\/mobiss.be\/cookie-policy\/#breadcrumb","itemListElement":[{"@type":"ListItem","position":1,"name":"Home","item":"https:\/\/mobiss.be\/"},{"@type":"ListItem","position":2,"name":"Cookie policy"}]},{"@type":"WebSite","@id":"https:\/\/mobiss.be\/#website","url":"https:\/\/mobiss.be\/","name":"Mobiss","description":"Raadpleeg altijd en overal uw verzekeringsbewijs","potentialAction":[{"@type":"SearchAction","target":{"@type":"EntryPoint","urlTemplate":"https:\/\/mobiss.be\/?s={search_term_string}"},"query-input":{"@type":"PropertyValueSpecification","valueRequired":true,"valueName":"search_term_string"}}],"inLanguage":"de"}]}},"_links":{"self":[{"href":"https:\/\/mobiss.be\/de\/wp-json\/wp\/v2\/pages\/1086","targetHints":{"allow":["GET"]}}],"collection":[{"href":"https:\/\/mobiss.be\/de\/wp-json\/wp\/v2\/pages"}],"about":[{"href":"https:\/\/mobiss.be\/de\/wp-json\/wp\/v2\/types\/page"}],"author":[{"embeddable":true,"href":"https:\/\/mobiss.be\/de\/wp-json\/wp\/v2\/users\/1"}],"replies":[{"embeddable":true,"href":"https:\/\/mobiss.be\/de\/wp-json\/wp\/v2\/comments?post=1086"}],"version-history":[{"count":15,"href":"https:\/\/mobiss.be\/de\/wp-json\/wp\/v2\/pages\/1086\/revisions"}],"predecessor-version":[{"id":1882,"href":"https:\/\/mobiss.be\/de\/wp-json\/wp\/v2\/pages\/1086\/revisions\/1882"}],"wp:attachment":[{"href":"https:\/\/mobiss.be\/de\/wp-json\/wp\/v2\/media?parent=1086"}],"curies":[{"name":"wp","href":"https:\/\/api.w.org\/{rel}","templated":true}]}}