{"id":1086,"date":"2022-01-18T10:08:03","date_gmt":"2022-01-18T10:08:03","guid":{"rendered":"https:\/\/mobiss.be\/?page_id=1086"},"modified":"2023-11-03T10:07:58","modified_gmt":"2023-11-03T10:07:58","slug":"cookie-policy","status":"publish","type":"page","link":"https:\/\/mobiss.be\/fr\/cookie-policy\/","title":{"rendered":"Politique des cookies"},"content":{"rendered":"<div data-elementor-type=\"wp-page\" data-elementor-id=\"1086\" class=\"elementor elementor-1086\" data-elementor-post-type=\"page\">\n\t\t\t\t\t\t<section class=\"elementor-section elementor-top-section elementor-element elementor-element-fb7a6e8 elementor-section-boxed elementor-section-height-default elementor-section-height-default\" data-id=\"fb7a6e8\" data-element_type=\"section\">\n\t\t\t\t\t\t<div class=\"elementor-container elementor-column-gap-default\">\n\t\t\t\t\t<div class=\"elementor-column elementor-col-100 elementor-top-column elementor-element elementor-element-803abe9\" data-id=\"803abe9\" data-element_type=\"column\">\n\t\t\t<div class=\"elementor-widget-wrap elementor-element-populated\">\n\t\t\t\t\t\t<div class=\"elementor-element elementor-element-930aae5 elementor-widget elementor-widget-heading\" data-id=\"930aae5\" data-element_type=\"widget\" data-widget_type=\"heading.default\">\n\t\t\t\t<div class=\"elementor-widget-container\">\n\t\t\t<h1 class=\"elementor-heading-title elementor-size-default\">Politique des cookies<\/h1>\t\t<\/div>\n\t\t\t\t<\/div>\n\t\t\t\t<div class=\"elementor-element elementor-element-6fa8342 elementor-widget elementor-widget-text-editor\" data-id=\"6fa8342\" data-element_type=\"widget\" data-widget_type=\"text-editor.default\">\n\t\t\t\t<div class=\"elementor-widget-container\">\n\t\t\t\t\t\t\t<p>Les cookies sont de petits fichiers texte simples qui sont plac\u00e9s sur le disque dur de votre ordinateur lorsque vous visitez une page Web. Ces cookies peuvent garantir que votre visite sur le site Web est optimis\u00e9e. Par exemple, vos pr\u00e9f\u00e9rences sont m\u00e9moris\u00e9es pour ne vous montrer que les informations qui vous int\u00e9ressent. Un autre avantage est que vous n'avez pas besoin de vous connecter ou de remplir les m\u00eames informations chaque fois que vous visitez un certain site Web.<\/p>\t\t\t\t\t\t<\/div>\n\t\t\t\t<\/div>\n\t\t\t\t<div class=\"elementor-element elementor-element-d4cb9a2 elementor-widget elementor-widget-text-editor\" data-id=\"d4cb9a2\" data-element_type=\"widget\" data-widget_type=\"text-editor.default\">\n\t\t\t\t<div class=\"elementor-widget-container\">\n\t\t\t\t\t\t\t<p class=\"sqsrte-small\">Depuis mai 2018, le nouveau r\u00e8glement de l'UE est entr\u00e9 en vigueur : le R\u00e8glement g\u00e9n\u00e9ral sur la protection des donn\u00e9es (RGPD). Les cookies ne peuvent \u00eatre d\u00e9pos\u00e9s qu'avec le consentement explicite de l'internaute. C'est pourquoi nous vous informons que notre site Web utilise des cookies et quelle en est la raison.<\/p>\t\t\t\t\t\t<\/div>\n\t\t\t\t<\/div>\n\t\t\t\t<div class=\"elementor-element elementor-element-ddc1c2b elementor-widget elementor-widget-text-editor\" data-id=\"ddc1c2b\" data-element_type=\"widget\" data-widget_type=\"text-editor.default\">\n\t\t\t\t<div class=\"elementor-widget-container\">\n\t\t\t\t\t\t\t<p>Il s'agit de cookies n\u00e9cessaires au fonctionnement du site Web. Sans ces cookies, certaines parties ne peuvent pas \u00eatre utilis\u00e9es. La loi nous autorise \u00e0 stocker des cookies sur votre appareil s'ils sont strictement n\u00e9cessaires \u00e0 l'utilisation du site. Pour tous les autres types de cookies, nous avons besoin de votre consentement.\u00a0<\/p>\t\t\t\t\t\t<\/div>\n\t\t\t\t<\/div>\n\t\t\t\t<div class=\"elementor-element elementor-element-6c16ede elementor-widget elementor-widget-text-editor\" data-id=\"6c16ede\" data-element_type=\"widget\" data-widget_type=\"text-editor.default\">\n\t\t\t\t<div class=\"elementor-widget-container\">\n\t\t\t\t\t\t\t<p>Les cookies de pr\u00e9f\u00e9rence permettent \u00e0 ce site de m\u00e9moriser des informations qui influencent le comportement et la conception du site Web, telles que votre langue pr\u00e9f\u00e9r\u00e9e ou la r\u00e9gion dans laquelle vous vivez.<\/p>\t\t\t\t\t\t<\/div>\n\t\t\t\t<\/div>\n\t\t\t\t<div class=\"elementor-element elementor-element-ba805f7 elementor-widget elementor-widget-text-editor\" data-id=\"ba805f7\" data-element_type=\"widget\" data-widget_type=\"text-editor.default\">\n\t\t\t\t<div class=\"elementor-widget-container\">\n\t\t\t\t\t\t\t<p class=\"sqsrte-small\">Les statistiques des visiteurs peuvent \u00e9galement \u00eatre suivies \u00e0 l'aide de cookies. Nous utilisons Google Analytics pour mieux comprendre le comportement des visiteurs de notre site Web. Sur la base de ces donn\u00e9es, nous obtenons un aper\u00e7u du comportement de navigation et de visite de nos visiteurs et nous pouvons optimiser notre site Web pour vous dans la mesure du possible. Les informations que Google collecte sont anonymis\u00e9es. Aucune donn\u00e9e personnelle n'est donc stock\u00e9e, ce qui signifie que nous sommes autoris\u00e9s \u00e0 placer ces cookies sans autorisation. Nous ne partageons pas ces informations avec des tiers.\u00a0<\/p>\t\t\t\t\t\t<\/div>\n\t\t\t\t<\/div>\n\t\t\t\t<div class=\"elementor-element elementor-element-1fe20b6 elementor-widget elementor-widget-text-editor\" data-id=\"1fe20b6\" data-element_type=\"widget\" data-widget_type=\"text-editor.default\">\n\t\t\t\t<div class=\"elementor-widget-container\">\n\t\t\t\t\t\t\t<p class=\"sqsrte-small\">\u00c0 l'aide de cookies de suivi, nous pouvons, entre autres, faire de la publicit\u00e9 plus sp\u00e9cifiquement et enregistrer les entreprises et organisations qui visitent notre site Web. De cette fa\u00e7on, nous pouvons ajuster les offres et approcher les visiteurs avec des propositions int\u00e9ressantes. Ces cookies ne sont plac\u00e9s que si vous en donnez l'autorisation. Nous n'utilisons actuellement pas de cookies de suivi.<\/p>\t\t\t\t\t\t<\/div>\n\t\t\t\t<\/div>\n\t\t\t\t<div class=\"elementor-element elementor-element-14d1fec elementor-widget elementor-widget-text-editor\" data-id=\"14d1fec\" data-element_type=\"widget\" data-widget_type=\"text-editor.default\">\n\t\t\t\t<div class=\"elementor-widget-container\">\n\t\t\t\t\t\t\t<p>Vous pouvez d\u00e9cider d'accepter ou de refuser les cookies via le bandeau cookies qui s'affiche sur notre site internet lors de votre visite et via les param\u00e8tres de votre navigateur. La plupart des navigateurs sont configur\u00e9s pour accepter les cookies par d\u00e9faut, mais vous pouvez g\u00e9n\u00e9ralement r\u00e9gler les param\u00e8tres de votre navigateur pour refuser les cookies. Vous devez le r\u00e9initialiser par navigateur et pour chaque ordinateur. Vous trouverez une explication sur la fa\u00e7on de modifier les param\u00e8tres dans la \u00ab fonction d'aide \u00bb de votre navigateur.\u00a0<\/p><p>Remarque : Il est possible que certaines fonctionnalit\u00e9s et certains services, sur nos sites Web et sur d'autres, ne fonctionnent pas correctement si les cookies sont d\u00e9sactiv\u00e9s dans votre navigateur.<\/p><p>Versie: 3\/11\/2023<\/p>\t\t\t\t\t\t<\/div>\n\t\t\t\t<\/div>\n\t\t\t\t\t<\/div>\n\t\t<\/div>\n\t\t\t\t\t<\/div>\n\t\t<\/section>\n\t\t\t\t<\/div>","protected":false},"excerpt":{"rendered":"<p>Cookie policy Cookies zijn kleine, eenvoudige tekstbestandjes die op de harde schijf van uw computer worden gezet als u een webpagina bezoekt. Deze cookies kunnen ervoor zorgen dat uw websitebezoek wordt geoptimaliseerd. Zo worden bijvoorbeeld uw voorkeuren onthouden om u alleen informatie te tonen die voor u interessant is. Een ander voordeel is dat u [&hellip;]<\/p>","protected":false},"author":1,"featured_media":0,"parent":0,"menu_order":0,"comment_status":"closed","ping_status":"closed","template":"","meta":{"footnotes":""},"class_list":["post-1086","page","type-page","status-publish","hentry"],"yoast_head":"<!-- This site is optimized with the Yoast SEO plugin v23.9 - https:\/\/yoast.com\/wordpress\/plugins\/seo\/ -->\n<title>Cookie policy - Mobiss<\/title>\n<meta name=\"robots\" content=\"index, follow, max-snippet:-1, max-image-preview:large, max-video-preview:-1\" \/>\n<link rel=\"canonical\" href=\"https:\/\/mobiss.be\/fr\/cookie-policy\/\" \/>\n<meta property=\"og:locale\" content=\"fr_FR\" \/>\n<meta property=\"og:type\" content=\"article\" \/>\n<meta property=\"og:title\" content=\"Cookie policy - Mobiss\" \/>\n<meta property=\"og:description\" content=\"Cookie policy Cookies zijn kleine, eenvoudige tekstbestandjes die op de harde schijf van uw computer worden gezet als u een webpagina bezoekt. Deze cookies kunnen ervoor zorgen dat uw websitebezoek wordt geoptimaliseerd. Zo worden bijvoorbeeld uw voorkeuren onthouden om u alleen informatie te tonen die voor u interessant is. Een ander voordeel is dat u [&hellip;]\" \/>\n<meta property=\"og:url\" content=\"https:\/\/mobiss.be\/fr\/cookie-policy\/\" \/>\n<meta property=\"og:site_name\" content=\"Mobiss\" \/>\n<meta property=\"article:modified_time\" content=\"2023-11-03T10:07:58+00:00\" \/>\n<meta name=\"twitter:card\" content=\"summary_large_image\" \/>\n<meta name=\"twitter:label1\" content=\"Dur\u00e9e de lecture estim\u00e9e\" \/>\n\t<meta name=\"twitter:data1\" content=\"3 minutes\" \/>\n<script type=\"application\/ld+json\" class=\"yoast-schema-graph\">{\"@context\":\"https:\/\/schema.org\",\"@graph\":[{\"@type\":\"WebPage\",\"@id\":\"https:\/\/mobiss.be\/cookie-policy\/\",\"url\":\"https:\/\/mobiss.be\/cookie-policy\/\",\"name\":\"Cookie policy - Mobiss\",\"isPartOf\":{\"@id\":\"https:\/\/mobiss.be\/#website\"},\"datePublished\":\"2022-01-18T10:08:03+00:00\",\"dateModified\":\"2023-11-03T10:07:58+00:00\",\"breadcrumb\":{\"@id\":\"https:\/\/mobiss.be\/cookie-policy\/#breadcrumb\"},\"inLanguage\":\"fr-FR\",\"potentialAction\":[{\"@type\":\"ReadAction\",\"target\":[\"https:\/\/mobiss.be\/cookie-policy\/\"]}]},{\"@type\":\"BreadcrumbList\",\"@id\":\"https:\/\/mobiss.be\/cookie-policy\/#breadcrumb\",\"itemListElement\":[{\"@type\":\"ListItem\",\"position\":1,\"name\":\"Home\",\"item\":\"https:\/\/mobiss.be\/\"},{\"@type\":\"ListItem\",\"position\":2,\"name\":\"Cookie policy\"}]},{\"@type\":\"WebSite\",\"@id\":\"https:\/\/mobiss.be\/#website\",\"url\":\"https:\/\/mobiss.be\/\",\"name\":\"Mobiss\",\"description\":\"Raadpleeg altijd en overal uw verzekeringsbewijs\",\"potentialAction\":[{\"@type\":\"SearchAction\",\"target\":{\"@type\":\"EntryPoint\",\"urlTemplate\":\"https:\/\/mobiss.be\/?s={search_term_string}\"},\"query-input\":{\"@type\":\"PropertyValueSpecification\",\"valueRequired\":true,\"valueName\":\"search_term_string\"}}],\"inLanguage\":\"fr-FR\"}]}<\/script>\n<!-- \/ Yoast SEO plugin. -->","yoast_head_json":{"title":"Cookie policy - Mobiss","robots":{"index":"index","follow":"follow","max-snippet":"max-snippet:-1","max-image-preview":"max-image-preview:large","max-video-preview":"max-video-preview:-1"},"canonical":"https:\/\/mobiss.be\/fr\/cookie-policy\/","og_locale":"fr_FR","og_type":"article","og_title":"Cookie policy - Mobiss","og_description":"Cookie policy Cookies zijn kleine, eenvoudige tekstbestandjes die op de harde schijf van uw computer worden gezet als u een webpagina bezoekt. Deze cookies kunnen ervoor zorgen dat uw websitebezoek wordt geoptimaliseerd. Zo worden bijvoorbeeld uw voorkeuren onthouden om u alleen informatie te tonen die voor u interessant is. Een ander voordeel is dat u [&hellip;]","og_url":"https:\/\/mobiss.be\/fr\/cookie-policy\/","og_site_name":"Mobiss","article_modified_time":"2023-11-03T10:07:58+00:00","twitter_card":"summary_large_image","twitter_misc":{"Dur\u00e9e de lecture estim\u00e9e":"3 minutes"},"schema":{"@context":"https:\/\/schema.org","@graph":[{"@type":"WebPage","@id":"https:\/\/mobiss.be\/cookie-policy\/","url":"https:\/\/mobiss.be\/cookie-policy\/","name":"Cookie policy - Mobiss","isPartOf":{"@id":"https:\/\/mobiss.be\/#website"},"datePublished":"2022-01-18T10:08:03+00:00","dateModified":"2023-11-03T10:07:58+00:00","breadcrumb":{"@id":"https:\/\/mobiss.be\/cookie-policy\/#breadcrumb"},"inLanguage":"fr-FR","potentialAction":[{"@type":"ReadAction","target":["https:\/\/mobiss.be\/cookie-policy\/"]}]},{"@type":"BreadcrumbList","@id":"https:\/\/mobiss.be\/cookie-policy\/#breadcrumb","itemListElement":[{"@type":"ListItem","position":1,"name":"Home","item":"https:\/\/mobiss.be\/"},{"@type":"ListItem","position":2,"name":"Cookie policy"}]},{"@type":"WebSite","@id":"https:\/\/mobiss.be\/#website","url":"https:\/\/mobiss.be\/","name":"Mobiss","description":"Raadpleeg altijd en overal uw verzekeringsbewijs","potentialAction":[{"@type":"SearchAction","target":{"@type":"EntryPoint","urlTemplate":"https:\/\/mobiss.be\/?s={search_term_string}"},"query-input":{"@type":"PropertyValueSpecification","valueRequired":true,"valueName":"search_term_string"}}],"inLanguage":"fr-FR"}]}},"_links":{"self":[{"href":"https:\/\/mobiss.be\/fr\/wp-json\/wp\/v2\/pages\/1086","targetHints":{"allow":["GET"]}}],"collection":[{"href":"https:\/\/mobiss.be\/fr\/wp-json\/wp\/v2\/pages"}],"about":[{"href":"https:\/\/mobiss.be\/fr\/wp-json\/wp\/v2\/types\/page"}],"author":[{"embeddable":true,"href":"https:\/\/mobiss.be\/fr\/wp-json\/wp\/v2\/users\/1"}],"replies":[{"embeddable":true,"href":"https:\/\/mobiss.be\/fr\/wp-json\/wp\/v2\/comments?post=1086"}],"version-history":[{"count":15,"href":"https:\/\/mobiss.be\/fr\/wp-json\/wp\/v2\/pages\/1086\/revisions"}],"predecessor-version":[{"id":1882,"href":"https:\/\/mobiss.be\/fr\/wp-json\/wp\/v2\/pages\/1086\/revisions\/1882"}],"wp:attachment":[{"href":"https:\/\/mobiss.be\/fr\/wp-json\/wp\/v2\/media?parent=1086"}],"curies":[{"name":"wp","href":"https:\/\/api.w.org\/{rel}","templated":true}]}}