{"id":35,"date":"2019-12-04T11:26:56","date_gmt":"2019-12-04T11:26:56","guid":{"rendered":"http:\/\/climaxthemes.ca\/app\/?page_id=25"},"modified":"2023-11-03T12:29:38","modified_gmt":"2023-11-03T12:29:38","slug":"home","status":"publish","type":"page","link":"https:\/\/mobiss.be\/fr\/","title":{"rendered":"Home"},"content":{"rendered":"<div data-elementor-type=\"wp-page\" data-elementor-id=\"35\" class=\"elementor elementor-35\" data-elementor-post-type=\"page\">\n\t\t\t\t\t\t<section class=\"elementor-section elementor-top-section elementor-element elementor-element-e3ab6f8 elementor-section-content-middle elementor-section-boxed elementor-section-height-default elementor-section-height-default\" data-id=\"e3ab6f8\" data-element_type=\"section\" id=\"mobiss\" data-settings=\"{&quot;background_background&quot;:&quot;classic&quot;,&quot;animation&quot;:&quot;none&quot;}\">\n\t\t\t\t\t\t<div class=\"elementor-container elementor-column-gap-default\">\n\t\t\t\t\t<div class=\"elementor-column elementor-col-100 elementor-top-column elementor-element elementor-element-61612c2\" data-id=\"61612c2\" data-element_type=\"column\">\n\t\t\t<div class=\"elementor-widget-wrap elementor-element-populated\">\n\t\t\t\t\t\t<div class=\"elementor-element elementor-element-15da178 elementor-invisible elementor-widget elementor-widget-heading\" data-id=\"15da178\" data-element_type=\"widget\" data-settings=\"{&quot;_animation&quot;:&quot;fadeInUp&quot;}\" data-widget_type=\"heading.default\">\n\t\t\t\t<div class=\"elementor-widget-container\">\n\t\t\t<h1 class=\"elementor-heading-title elementor-size-default\">Consultez partout votre certificat d'assurance <br> signalez facilement vos dommages<\/h1>\t\t<\/div>\n\t\t\t\t<\/div>\n\t\t\t\t<div class=\"elementor-element elementor-element-a30b100 elementor-invisible elementor-widget elementor-widget-text-editor\" data-id=\"a30b100\" data-element_type=\"widget\" data-settings=\"{&quot;_animation&quot;:&quot;fadeInUp&quot;}\" data-widget_type=\"text-editor.default\">\n\t\t\t\t<div class=\"elementor-widget-container\">\n\t\t\t\t\t\t\t<p class=\"cvGsUA direction-ltr align-start para-style-body\"><span class=\"OYPEnA text-decoration-none text-strikethrough-none\">Il n'a jamais \u00e9t\u00e9 aussi facile d'avoir son certificat d'assurance \u00e0 port\u00e9e de main, \u00e0 tout moment et en tout lieu. <\/span><span class=\"OYPEnA text-decoration-none text-strikethrough-none\">D'hondt Insurance est fi\u00e8re de pr\u00e9senter Mobiss, l'application qui fait passer votre exp\u00e9rience de l'assurance \u00e0 un niveau sup\u00e9rieur.<\/span><\/p>\t\t\t\t\t\t<\/div>\n\t\t\t\t<\/div>\n\t\t\t\t\t<\/div>\n\t\t<\/div>\n\t\t\t\t\t<\/div>\n\t\t<\/section>\n\t\t\t\t<section class=\"elementor-section elementor-top-section elementor-element elementor-element-7669a09 elementor-section-content-middle elementor-section-full_width elementor-section-height-min-height elementor-section-height-default elementor-section-items-middle\" data-id=\"7669a09\" data-element_type=\"section\" data-settings=\"{&quot;background_background&quot;:&quot;classic&quot;,&quot;background_motion_fx_motion_fx_scrolling&quot;:&quot;yes&quot;,&quot;background_motion_fx_translateY_effect&quot;:&quot;yes&quot;,&quot;background_motion_fx_range&quot;:&quot;page&quot;,&quot;shape_divider_bottom&quot;:&quot;waves&quot;,&quot;animation&quot;:&quot;none&quot;,&quot;background_motion_fx_translateY_speed&quot;:{&quot;unit&quot;:&quot;px&quot;,&quot;size&quot;:4,&quot;sizes&quot;:[]},&quot;background_motion_fx_translateY_affectedRange&quot;:{&quot;unit&quot;:&quot;%&quot;,&quot;size&quot;:&quot;&quot;,&quot;sizes&quot;:{&quot;start&quot;:0,&quot;end&quot;:100}},&quot;background_motion_fx_devices&quot;:[&quot;desktop&quot;,&quot;tablet&quot;,&quot;mobile&quot;]}\">\n\t\t\t\t\t<div class=\"elementor-shape elementor-shape-bottom\" data-negative=\"false\">\n\t\t\t<svg xmlns=\"http:\/\/www.w3.org\/2000\/svg\" viewbox=\"0 0 1000 100\" preserveaspectratio=\"none\">\n\t<path class=\"elementor-shape-fill\" d=\"M421.9,6.5c22.6-2.5,51.5,0.4,75.5,5.3c23.6,4.9,70.9,23.5,100.5,35.7c75.8,32.2,133.7,44.5,192.6,49.7\tc23.6,2.1,48.7,3.5,103.4-2.5c54.7-6,106.2-25.6,106.2-25.6V0H0v30.3c0,0,72,32.6,158.4,30.5c39.2-0.7,92.8-6.7,134-22.4\tc21.2-8.1,52.2-18.2,79.7-24.2C399.3,7.9,411.6,7.5,421.9,6.5z\"\/>\n<\/svg>\t\t<\/div>\n\t\t\t\t\t<div class=\"elementor-container elementor-column-gap-default\">\n\t\t\t\t\t<div class=\"elementor-column elementor-col-100 elementor-top-column elementor-element elementor-element-4917778\" data-id=\"4917778\" data-element_type=\"column\">\n\t\t\t<div class=\"elementor-widget-wrap\">\n\t\t\t\t\t\t\t<\/div>\n\t\t<\/div>\n\t\t\t\t\t<\/div>\n\t\t<\/section>\n\t\t\t\t<section class=\"elementor-section elementor-top-section elementor-element elementor-element-a8a28e5 elementor-section-boxed elementor-section-height-default elementor-section-height-default\" data-id=\"a8a28e5\" data-element_type=\"section\" id=\"functies\">\n\t\t\t\t\t\t<div class=\"elementor-container elementor-column-gap-default\">\n\t\t\t\t\t<div class=\"elementor-column elementor-col-100 elementor-top-column elementor-element elementor-element-80a1735\" data-id=\"80a1735\" data-element_type=\"column\">\n\t\t\t<div class=\"elementor-widget-wrap elementor-element-populated\">\n\t\t\t\t\t\t<div class=\"elementor-element elementor-element-94c83fc elementor-invisible elementor-widget elementor-widget-heading\" data-id=\"94c83fc\" data-element_type=\"widget\" data-settings=\"{&quot;_animation&quot;:&quot;fadeInUp&quot;}\" data-widget_type=\"heading.default\">\n\t\t\t\t<div class=\"elementor-widget-container\">\n\t\t\t<h2 class=\"elementor-heading-title elementor-size-default\">Votre aide sur la route<\/h2>\t\t<\/div>\n\t\t\t\t<\/div>\n\t\t\t\t\t<\/div>\n\t\t<\/div>\n\t\t\t\t\t<\/div>\n\t\t<\/section>\n\t\t\t\t<section class=\"elementor-section elementor-top-section elementor-element elementor-element-b45e534 elementor-section-boxed elementor-section-height-default elementor-section-height-default\" data-id=\"b45e534\" data-element_type=\"section\">\n\t\t\t\t\t\t<div class=\"elementor-container elementor-column-gap-default\">\n\t\t\t\t\t<div class=\"elementor-column elementor-col-50 elementor-top-column elementor-element elementor-element-e91daac\" data-id=\"e91daac\" data-element_type=\"column\">\n\t\t\t<div class=\"elementor-widget-wrap elementor-element-populated\">\n\t\t\t\t\t\t<div class=\"elementor-element elementor-element-40b8dc3 elementor-view-default elementor-position-top elementor-mobile-position-top elementor-invisible elementor-widget elementor-widget-icon-box\" data-id=\"40b8dc3\" data-element_type=\"widget\" data-settings=\"{&quot;_animation&quot;:&quot;fadeInUp&quot;}\" data-widget_type=\"icon-box.default\">\n\t\t\t\t<div class=\"elementor-widget-container\">\n\t\t\t\t\t<div class=\"elementor-icon-box-wrapper\">\n\n\t\t\t\t\t\t<div class=\"elementor-icon-box-icon\">\n\t\t\t\t<span  class=\"elementor-icon elementor-animation-\">\n\t\t\t\t<i aria-hidden=\"true\" class=\"fas fa-archive\"><\/i>\t\t\t\t<\/span>\n\t\t\t<\/div>\n\t\t\t\n\t\t\t\t\t\t<div class=\"elementor-icon-box-content\">\n\n\t\t\t\t\t\t\t\t\t<h3 class=\"elementor-icon-box-title\">\n\t\t\t\t\t\t<span  >\n\t\t\t\t\t\t\tConsultez facilement votre certificat d'assurance\t\t\t\t\t\t<\/span>\n\t\t\t\t\t<\/h3>\n\t\t\t\t\n\t\t\t\t\t\t\t\t\t<p class=\"elementor-icon-box-description\">\n\t\t\t\t\t\tAvec Mobiss, vous avez votre certificat d'assurance \u00e0 port\u00e9e de main, n\u2019importe o\u00f9 vous vous trouvez. Fini le temps des documents en papier qui peuvent se perdre ou qui contiennent des renseignements d\u00e9pass\u00e9s. \t\t\t\t\t<\/p>\n\t\t\t\t\n\t\t\t<\/div>\n\t\t\t\n\t\t<\/div>\n\t\t\t\t<\/div>\n\t\t\t\t<\/div>\n\t\t\t\t\t<\/div>\n\t\t<\/div>\n\t\t\t\t<div class=\"elementor-column elementor-col-50 elementor-top-column elementor-element elementor-element-fc9708a\" data-id=\"fc9708a\" data-element_type=\"column\">\n\t\t\t<div class=\"elementor-widget-wrap elementor-element-populated\">\n\t\t\t\t\t\t<div class=\"elementor-element elementor-element-9a02e44 elementor-view-default elementor-position-top elementor-mobile-position-top elementor-invisible elementor-widget elementor-widget-icon-box\" data-id=\"9a02e44\" data-element_type=\"widget\" data-settings=\"{&quot;_animation&quot;:&quot;fadeInUp&quot;}\" data-widget_type=\"icon-box.default\">\n\t\t\t\t<div class=\"elementor-widget-container\">\n\t\t\t\t\t<div class=\"elementor-icon-box-wrapper\">\n\n\t\t\t\t\t\t<div class=\"elementor-icon-box-icon\">\n\t\t\t\t<span  class=\"elementor-icon elementor-animation-\">\n\t\t\t\t<i aria-hidden=\"true\" class=\"fas fa-arrow-circle-down\"><\/i>\t\t\t\t<\/span>\n\t\t\t<\/div>\n\t\t\t\n\t\t\t\t\t\t<div class=\"elementor-icon-box-content\">\n\n\t\t\t\t\t\t\t\t\t<h3 class=\"elementor-icon-box-title\">\n\t\t\t\t\t\t<span  >\n\t\t\t\t\t\t\tT\u00e9l\u00e9chargez votre certificat d'assurance\t\t\t\t\t\t<\/span>\n\t\t\t\t\t<\/h3>\n\t\t\t\t\n\t\t\t\t\t\t\t\t\t<p class=\"elementor-icon-box-description\">\n\t\t\t\t\t\tGr\u00e2ce \u00e0 l'application, vous pouvez t\u00e9l\u00e9charger votre attestation d'assurance sans effort. Plus besoin d'appeler ou d'envoyer un e-mail \u00e0 votre courtier pour obtenir une copie. \t\t\t\t\t<\/p>\n\t\t\t\t\n\t\t\t<\/div>\n\t\t\t\n\t\t<\/div>\n\t\t\t\t<\/div>\n\t\t\t\t<\/div>\n\t\t\t\t\t<\/div>\n\t\t<\/div>\n\t\t\t\t\t<\/div>\n\t\t<\/section>\n\t\t\t\t<section class=\"elementor-section elementor-top-section elementor-element elementor-element-2f8c026 elementor-section-boxed elementor-section-height-default elementor-section-height-default\" data-id=\"2f8c026\" data-element_type=\"section\">\n\t\t\t\t\t\t<div class=\"elementor-container elementor-column-gap-default\">\n\t\t\t\t\t<div class=\"elementor-column elementor-col-50 elementor-top-column elementor-element elementor-element-54bf638\" data-id=\"54bf638\" data-element_type=\"column\">\n\t\t\t<div class=\"elementor-widget-wrap elementor-element-populated\">\n\t\t\t\t\t\t<div class=\"elementor-element elementor-element-03eefef elementor-view-default elementor-position-top elementor-mobile-position-top elementor-invisible elementor-widget elementor-widget-icon-box\" data-id=\"03eefef\" data-element_type=\"widget\" data-settings=\"{&quot;_animation&quot;:&quot;fadeInDown&quot;}\" data-widget_type=\"icon-box.default\">\n\t\t\t\t<div class=\"elementor-widget-container\">\n\t\t\t\t\t<div class=\"elementor-icon-box-wrapper\">\n\n\t\t\t\t\t\t<div class=\"elementor-icon-box-icon\">\n\t\t\t\t<span  class=\"elementor-icon elementor-animation-\">\n\t\t\t\t<i aria-hidden=\"true\" class=\"fas fa-car-crash\"><\/i>\t\t\t\t<\/span>\n\t\t\t<\/div>\n\t\t\t\n\t\t\t\t\t\t<div class=\"elementor-icon-box-content\">\n\n\t\t\t\t\t\t\t\t\t<h3 class=\"elementor-icon-box-title\">\n\t\t\t\t\t\t<span  >\n\t\t\t\t\t\t\tD\u00e9clarer un accident directement et sans erreur \u00e0 votre courtier\t\t\t\t\t\t<\/span>\n\t\t\t\t\t<\/h3>\n\t\t\t\t\n\t\t\t\t\t\t\t\t\t<p class=\"elementor-icon-box-description\">\n\t\t\t\t\t\tSaviez-vous que jusqu'\u00e0 15 % des d\u00e9clarations de sinistres sont remplies de mani\u00e8re incorrecte par les conducteurs, de sorte qu\u2019un sinistre en droit puisse changer en un sinistre en tort ? ....\t\t\t\t\t<\/p>\n\t\t\t\t\n\t\t\t<\/div>\n\t\t\t\n\t\t<\/div>\n\t\t\t\t<\/div>\n\t\t\t\t<\/div>\n\t\t\t\t\t<\/div>\n\t\t<\/div>\n\t\t\t\t<div class=\"elementor-column elementor-col-50 elementor-top-column elementor-element elementor-element-d37ba64\" data-id=\"d37ba64\" data-element_type=\"column\">\n\t\t\t<div class=\"elementor-widget-wrap elementor-element-populated\">\n\t\t\t\t\t\t<div class=\"elementor-element elementor-element-d3b20fe elementor-view-default elementor-position-top elementor-mobile-position-top elementor-invisible elementor-widget elementor-widget-icon-box\" data-id=\"d3b20fe\" data-element_type=\"widget\" data-settings=\"{&quot;_animation&quot;:&quot;fadeInDown&quot;}\" data-widget_type=\"icon-box.default\">\n\t\t\t\t<div class=\"elementor-widget-container\">\n\t\t\t\t\t<div class=\"elementor-icon-box-wrapper\">\n\n\t\t\t\t\t\t<div class=\"elementor-icon-box-icon\">\n\t\t\t\t<span  class=\"elementor-icon elementor-animation-\">\n\t\t\t\t<i aria-hidden=\"true\" class=\"fas fa-headset\"><\/i>\t\t\t\t<\/span>\n\t\t\t<\/div>\n\t\t\t\n\t\t\t\t\t\t<div class=\"elementor-icon-box-content\">\n\n\t\t\t\t\t\t\t\t\t<h3 class=\"elementor-icon-box-title\">\n\t\t\t\t\t\t<span  >\n\t\t\t\t\t\t\tAssistance en direct pour remplir le constat d\u2019accident europ\u00e9en \t\t\t\t\t\t<\/span>\n\t\t\t\t\t<\/h3>\n\t\t\t\t\n\t\t\t\t\t\t\t\t\t<p class=\"elementor-icon-box-description\">\n\t\t\t\t\t\tAvec Mobiss, nos gestionnaires sinistres vous aident en direct pendant que vous remplissez le formulaire, ce qui r\u00e9duit consid\u00e9rablement le risque d'erreurs.\t\t\t\t\t<\/p>\n\t\t\t\t\n\t\t\t<\/div>\n\t\t\t\n\t\t<\/div>\n\t\t\t\t<\/div>\n\t\t\t\t<\/div>\n\t\t\t\t\t<\/div>\n\t\t<\/div>\n\t\t\t\t\t<\/div>\n\t\t<\/section>\n\t\t\t\t<section class=\"elementor-section elementor-top-section elementor-element elementor-element-6da9d92 elementor-section-boxed elementor-section-height-default elementor-section-height-default\" data-id=\"6da9d92\" data-element_type=\"section\" id=\"app\" data-settings=\"{&quot;background_background&quot;:&quot;classic&quot;}\">\n\t\t\t\t\t\t<div class=\"elementor-container elementor-column-gap-default\">\n\t\t\t\t\t<div class=\"elementor-column elementor-col-100 elementor-top-column elementor-element elementor-element-c3b0ea4\" data-id=\"c3b0ea4\" data-element_type=\"column\">\n\t\t\t<div class=\"elementor-widget-wrap elementor-element-populated\">\n\t\t\t\t\t\t<div class=\"elementor-element elementor-element-fae66ca elementor-invisible elementor-widget elementor-widget-heading\" data-id=\"fae66ca\" data-element_type=\"widget\" data-settings=\"{&quot;_animation&quot;:&quot;fadeInUp&quot;}\" data-widget_type=\"heading.default\">\n\t\t\t\t<div class=\"elementor-widget-container\">\n\t\t\t<h2 class=\"elementor-heading-title elementor-size-default\">T\u00e9l\u00e9charger l'application depuis la boutique d\u2019applications<\/h2>\t\t<\/div>\n\t\t\t\t<\/div>\n\t\t\t\t\t<\/div>\n\t\t<\/div>\n\t\t\t\t\t<\/div>\n\t\t<\/section>\n\t\t\t\t<section class=\"elementor-section elementor-top-section elementor-element elementor-element-f535d62 elementor-section-full_width elementor-section-height-min-height elementor-section-height-default elementor-section-items-middle elementor-invisible\" data-id=\"f535d62\" data-element_type=\"section\" data-settings=\"{&quot;background_background&quot;:&quot;classic&quot;,&quot;animation&quot;:&quot;fadeInUp&quot;}\">\n\t\t\t\t\t\t<div class=\"elementor-container elementor-column-gap-default\">\n\t\t\t\t\t<div class=\"elementor-column elementor-col-100 elementor-top-column elementor-element elementor-element-c7ff09d\" data-id=\"c7ff09d\" data-element_type=\"column\">\n\t\t\t<div class=\"elementor-widget-wrap\">\n\t\t\t\t\t\t\t<\/div>\n\t\t<\/div>\n\t\t\t\t\t<\/div>\n\t\t<\/section>\n\t\t\t\t<section class=\"elementor-section elementor-top-section elementor-element elementor-element-74ad4b6 elementor-section-boxed elementor-section-height-default elementor-section-height-default\" data-id=\"74ad4b6\" data-element_type=\"section\" data-settings=\"{&quot;background_background&quot;:&quot;classic&quot;,&quot;shape_divider_top&quot;:&quot;waves&quot;,&quot;shape_divider_top_negative&quot;:&quot;yes&quot;}\">\n\t\t\t\t\t<div class=\"elementor-shape elementor-shape-top\" data-negative=\"true\">\n\t\t\t<svg xmlns=\"http:\/\/www.w3.org\/2000\/svg\" viewbox=\"0 0 1000 100\" preserveaspectratio=\"none\">\n\t<path class=\"elementor-shape-fill\" d=\"M790.5,93.1c-59.3-5.3-116.8-18-192.6-50c-29.6-12.7-76.9-31-100.5-35.9c-23.6-4.9-52.6-7.8-75.5-5.3\tc-10.2,1.1-22.6,1.4-50.1,7.4c-27.2,6.3-58.2,16.6-79.4,24.7c-41.3,15.9-94.9,21.9-134,22.6C72,58.2,0,25.8,0,25.8V100h1000V65.3\tc0,0-51.5,19.4-106.2,25.7C839.5,97,814.1,95.2,790.5,93.1z\"\/>\n<\/svg>\t\t<\/div>\n\t\t\t\t\t<div class=\"elementor-container elementor-column-gap-default\">\n\t\t\t\t\t<div class=\"elementor-column elementor-col-50 elementor-top-column elementor-element elementor-element-55a8c3a\" data-id=\"55a8c3a\" data-element_type=\"column\">\n\t\t\t<div class=\"elementor-widget-wrap elementor-element-populated\">\n\t\t\t\t\t\t<div class=\"elementor-element elementor-element-4edb0ba elementor-invisible elementor-widget elementor-widget-image\" data-id=\"4edb0ba\" data-element_type=\"widget\" data-settings=\"{&quot;_animation&quot;:&quot;fadeInUp&quot;}\" data-widget_type=\"image.default\">\n\t\t\t\t<div class=\"elementor-widget-container\">\n\t\t\t\t\t\t\t\t\t\t\t\t\t\t<a href=\"https:\/\/play.google.com\/store\/apps\/details?id=com.nebulae.dhondt&#038;fbclid=IwAR2o8HobOduRNcyG3CpUklPwDgfnwZ0V63gTftppNn2FaNKS1CYVbU123Js\" target=\"_blank\">\n\t\t\t\t\t\t\t<img fetchpriority=\"high\" decoding=\"async\" width=\"646\" height=\"250\" src=\"https:\/\/mobiss.be\/wp-content\/uploads\/2023\/10\/en_badge_web_generic.png\" class=\"attachment-large size-large wp-image-1761\" alt=\"\" srcset=\"https:\/\/mobiss.be\/wp-content\/uploads\/2023\/10\/en_badge_web_generic.png 646w, https:\/\/mobiss.be\/wp-content\/uploads\/2023\/10\/en_badge_web_generic-300x116.png 300w, https:\/\/mobiss.be\/wp-content\/uploads\/2023\/10\/en_badge_web_generic-18x7.png 18w\" sizes=\"(max-width: 646px) 100vw, 646px\" \/>\t\t\t\t\t\t\t\t<\/a>\n\t\t\t\t\t\t\t\t\t\t\t\t\t<\/div>\n\t\t\t\t<\/div>\n\t\t\t\t\t<\/div>\n\t\t<\/div>\n\t\t\t\t<div class=\"elementor-column elementor-col-50 elementor-top-column elementor-element elementor-element-6528331\" data-id=\"6528331\" data-element_type=\"column\">\n\t\t\t<div class=\"elementor-widget-wrap elementor-element-populated\">\n\t\t\t\t\t\t<div class=\"elementor-element elementor-element-0abc3d4 elementor-invisible elementor-widget elementor-widget-image\" data-id=\"0abc3d4\" data-element_type=\"widget\" data-settings=\"{&quot;_animation&quot;:&quot;fadeInUp&quot;}\" data-widget_type=\"image.default\">\n\t\t\t\t<div class=\"elementor-widget-container\">\n\t\t\t\t\t\t\t\t\t\t\t\t\t\t<a href=\"https:\/\/apps.apple.com\/be\/app\/mobiss-by-dhondt-insurance\/id6446391402?l=nl\" target=\"_blank\">\n\t\t\t\t\t\t\t<img decoding=\"async\" width=\"499\" height=\"148\" src=\"https:\/\/mobiss.be\/wp-content\/uploads\/2023\/10\/Download-in-de-app-store.png\" class=\"attachment-large size-large wp-image-1763\" alt=\"\" srcset=\"https:\/\/mobiss.be\/wp-content\/uploads\/2023\/10\/Download-in-de-app-store.png 499w, https:\/\/mobiss.be\/wp-content\/uploads\/2023\/10\/Download-in-de-app-store-300x89.png 300w, https:\/\/mobiss.be\/wp-content\/uploads\/2023\/10\/Download-in-de-app-store-18x5.png 18w\" sizes=\"(max-width: 499px) 100vw, 499px\" \/>\t\t\t\t\t\t\t\t<\/a>\n\t\t\t\t\t\t\t\t\t\t\t\t\t<\/div>\n\t\t\t\t<\/div>\n\t\t\t\t\t<\/div>\n\t\t<\/div>\n\t\t\t\t\t<\/div>\n\t\t<\/section>\n\t\t\t\t<\/div>","protected":false},"excerpt":{"rendered":"<p>Raadpleeg overal uw verzekeringsbewijs &#038; meld makkelijk uw schade Altijd en overal uw verzekeringsbewijs bij de hand hebben was nog nooit zo eenvoudig. D&#8217;hondt Insurance presenteert met trots Mobiss, d\u00e9 app die uw verzekeringservaring naar een hoger niveau tilt. Uw helpende hand onderweg Raadpleeg makkelijk uw verzekeringsbewijs Met Mobiss hebt u uw verzekeringsbewijs binnen handbereik, [&hellip;]<\/p>","protected":false},"author":1,"featured_media":0,"parent":0,"menu_order":0,"comment_status":"closed","ping_status":"closed","template":"elementor_header_footer","meta":{"footnotes":""},"class_list":["post-35","page","type-page","status-publish","hentry"],"yoast_head":"<!-- This site is optimized with the Yoast SEO plugin v23.9 - https:\/\/yoast.com\/wordpress\/plugins\/seo\/ -->\n<title>Home - Mobiss - Raadpleeg overal en altijd uw verzekeringsbewijs<\/title>\n<meta name=\"description\" content=\"Met de Mobiss app hebt u altijd uw verzekeringsbewijs bij de hand. Vul het Europees aanrijdingsformulier online in en meld ongevallen rechtstreeks bij uw makelaar. Gemakkelijk en effici\u00ebnt!\" \/>\n<meta name=\"robots\" content=\"index, follow, max-snippet:-1, max-image-preview:large, max-video-preview:-1\" \/>\n<link rel=\"canonical\" href=\"https:\/\/mobiss.be\/fr\/\" \/>\n<meta property=\"og:locale\" content=\"fr_FR\" \/>\n<meta property=\"og:type\" content=\"article\" \/>\n<meta property=\"og:title\" content=\"Home - Mobiss - Raadpleeg overal en altijd uw verzekeringsbewijs\" \/>\n<meta property=\"og:description\" content=\"Met de Mobiss app hebt u altijd uw verzekeringsbewijs bij de hand. Vul het Europees aanrijdingsformulier online in en meld ongevallen rechtstreeks bij uw makelaar. Gemakkelijk en effici\u00ebnt!\" \/>\n<meta property=\"og:url\" content=\"https:\/\/mobiss.be\/fr\/\" \/>\n<meta property=\"og:site_name\" content=\"Mobiss\" \/>\n<meta property=\"article:modified_time\" content=\"2023-11-03T12:29:38+00:00\" \/>\n<meta property=\"og:image\" content=\"https:\/\/mobiss.be\/wp-content\/uploads\/2023\/10\/en_badge_web_generic.png\" \/>\n<meta name=\"twitter:card\" content=\"summary_large_image\" \/>\n<meta name=\"twitter:label1\" content=\"Dur\u00e9e de lecture estim\u00e9e\" \/>\n\t<meta name=\"twitter:data1\" content=\"1 minute\" \/>\n<script type=\"application\/ld+json\" class=\"yoast-schema-graph\">{\"@context\":\"https:\/\/schema.org\",\"@graph\":[{\"@type\":\"WebPage\",\"@id\":\"https:\/\/mobiss.be\/\",\"url\":\"https:\/\/mobiss.be\/\",\"name\":\"Home - Mobiss - Raadpleeg overal en altijd uw verzekeringsbewijs\",\"isPartOf\":{\"@id\":\"https:\/\/mobiss.be\/#website\"},\"primaryImageOfPage\":{\"@id\":\"https:\/\/mobiss.be\/#primaryimage\"},\"image\":{\"@id\":\"https:\/\/mobiss.be\/#primaryimage\"},\"thumbnailUrl\":\"https:\/\/mobiss.be\/wp-content\/uploads\/2023\/10\/en_badge_web_generic.png\",\"datePublished\":\"2019-12-04T11:26:56+00:00\",\"dateModified\":\"2023-11-03T12:29:38+00:00\",\"description\":\"Met de Mobiss app hebt u altijd uw verzekeringsbewijs bij de hand. Vul het Europees aanrijdingsformulier online in en meld ongevallen rechtstreeks bij uw makelaar. Gemakkelijk en effici\u00ebnt!\",\"breadcrumb\":{\"@id\":\"https:\/\/mobiss.be\/#breadcrumb\"},\"inLanguage\":\"fr-FR\",\"potentialAction\":[{\"@type\":\"ReadAction\",\"target\":[\"https:\/\/mobiss.be\/\"]}]},{\"@type\":\"ImageObject\",\"inLanguage\":\"fr-FR\",\"@id\":\"https:\/\/mobiss.be\/#primaryimage\",\"url\":\"https:\/\/mobiss.be\/wp-content\/uploads\/2023\/10\/en_badge_web_generic.png\",\"contentUrl\":\"https:\/\/mobiss.be\/wp-content\/uploads\/2023\/10\/en_badge_web_generic.png\"},{\"@type\":\"BreadcrumbList\",\"@id\":\"https:\/\/mobiss.be\/#breadcrumb\",\"itemListElement\":[{\"@type\":\"ListItem\",\"position\":1,\"name\":\"Home\",\"item\":\"https:\/\/mobiss.be\/\"},{\"@type\":\"ListItem\",\"position\":2,\"name\":\"Home\"}]},{\"@type\":\"WebSite\",\"@id\":\"https:\/\/mobiss.be\/#website\",\"url\":\"https:\/\/mobiss.be\/\",\"name\":\"Mobiss\",\"description\":\"Raadpleeg altijd en overal uw verzekeringsbewijs\",\"potentialAction\":[{\"@type\":\"SearchAction\",\"target\":{\"@type\":\"EntryPoint\",\"urlTemplate\":\"https:\/\/mobiss.be\/?s={search_term_string}\"},\"query-input\":{\"@type\":\"PropertyValueSpecification\",\"valueRequired\":true,\"valueName\":\"search_term_string\"}}],\"inLanguage\":\"fr-FR\"}]}<\/script>\n<!-- \/ Yoast SEO plugin. -->","yoast_head_json":{"title":"Home - Mobiss - Raadpleeg overal en altijd uw verzekeringsbewijs","description":"Met de Mobiss app hebt u altijd uw verzekeringsbewijs bij de hand. Vul het Europees aanrijdingsformulier online in en meld ongevallen rechtstreeks bij uw makelaar. Gemakkelijk en effici\u00ebnt!","robots":{"index":"index","follow":"follow","max-snippet":"max-snippet:-1","max-image-preview":"max-image-preview:large","max-video-preview":"max-video-preview:-1"},"canonical":"https:\/\/mobiss.be\/fr\/","og_locale":"fr_FR","og_type":"article","og_title":"Home - Mobiss - Raadpleeg overal en altijd uw verzekeringsbewijs","og_description":"Met de Mobiss app hebt u altijd uw verzekeringsbewijs bij de hand. Vul het Europees aanrijdingsformulier online in en meld ongevallen rechtstreeks bij uw makelaar. Gemakkelijk en effici\u00ebnt!","og_url":"https:\/\/mobiss.be\/fr\/","og_site_name":"Mobiss","article_modified_time":"2023-11-03T12:29:38+00:00","og_image":[{"url":"https:\/\/mobiss.be\/wp-content\/uploads\/2023\/10\/en_badge_web_generic.png"}],"twitter_card":"summary_large_image","twitter_misc":{"Dur\u00e9e de lecture estim\u00e9e":"1 minute"},"schema":{"@context":"https:\/\/schema.org","@graph":[{"@type":"WebPage","@id":"https:\/\/mobiss.be\/","url":"https:\/\/mobiss.be\/","name":"Home - Mobiss - Raadpleeg overal en altijd uw verzekeringsbewijs","isPartOf":{"@id":"https:\/\/mobiss.be\/#website"},"primaryImageOfPage":{"@id":"https:\/\/mobiss.be\/#primaryimage"},"image":{"@id":"https:\/\/mobiss.be\/#primaryimage"},"thumbnailUrl":"https:\/\/mobiss.be\/wp-content\/uploads\/2023\/10\/en_badge_web_generic.png","datePublished":"2019-12-04T11:26:56+00:00","dateModified":"2023-11-03T12:29:38+00:00","description":"Met de Mobiss app hebt u altijd uw verzekeringsbewijs bij de hand. Vul het Europees aanrijdingsformulier online in en meld ongevallen rechtstreeks bij uw makelaar. Gemakkelijk en effici\u00ebnt!","breadcrumb":{"@id":"https:\/\/mobiss.be\/#breadcrumb"},"inLanguage":"fr-FR","potentialAction":[{"@type":"ReadAction","target":["https:\/\/mobiss.be\/"]}]},{"@type":"ImageObject","inLanguage":"fr-FR","@id":"https:\/\/mobiss.be\/#primaryimage","url":"https:\/\/mobiss.be\/wp-content\/uploads\/2023\/10\/en_badge_web_generic.png","contentUrl":"https:\/\/mobiss.be\/wp-content\/uploads\/2023\/10\/en_badge_web_generic.png"},{"@type":"BreadcrumbList","@id":"https:\/\/mobiss.be\/#breadcrumb","itemListElement":[{"@type":"ListItem","position":1,"name":"Home","item":"https:\/\/mobiss.be\/"},{"@type":"ListItem","position":2,"name":"Home"}]},{"@type":"WebSite","@id":"https:\/\/mobiss.be\/#website","url":"https:\/\/mobiss.be\/","name":"Mobiss","description":"Raadpleeg altijd en overal uw verzekeringsbewijs","potentialAction":[{"@type":"SearchAction","target":{"@type":"EntryPoint","urlTemplate":"https:\/\/mobiss.be\/?s={search_term_string}"},"query-input":{"@type":"PropertyValueSpecification","valueRequired":true,"valueName":"search_term_string"}}],"inLanguage":"fr-FR"}]}},"_links":{"self":[{"href":"https:\/\/mobiss.be\/fr\/wp-json\/wp\/v2\/pages\/35","targetHints":{"allow":["GET"]}}],"collection":[{"href":"https:\/\/mobiss.be\/fr\/wp-json\/wp\/v2\/pages"}],"about":[{"href":"https:\/\/mobiss.be\/fr\/wp-json\/wp\/v2\/types\/page"}],"author":[{"embeddable":true,"href":"https:\/\/mobiss.be\/fr\/wp-json\/wp\/v2\/users\/1"}],"replies":[{"embeddable":true,"href":"https:\/\/mobiss.be\/fr\/wp-json\/wp\/v2\/comments?post=35"}],"version-history":[{"count":229,"href":"https:\/\/mobiss.be\/fr\/wp-json\/wp\/v2\/pages\/35\/revisions"}],"predecessor-version":[{"id":1917,"href":"https:\/\/mobiss.be\/fr\/wp-json\/wp\/v2\/pages\/35\/revisions\/1917"}],"wp:attachment":[{"href":"https:\/\/mobiss.be\/fr\/wp-json\/wp\/v2\/media?parent=35"}],"curies":[{"name":"wp","href":"https:\/\/api.w.org\/{rel}","templated":true}]}}