{"id":1086,"date":"2022-01-18T10:08:03","date_gmt":"2022-01-18T10:08:03","guid":{"rendered":"https:\/\/mobiss.be\/?page_id=1086"},"modified":"2023-11-03T10:07:58","modified_gmt":"2023-11-03T10:07:58","slug":"cookie-policy","status":"publish","type":"page","link":"https:\/\/mobiss.be\/pl\/cookie-policy\/","title":{"rendered":"Polityka plik\u00f3w cookie"},"content":{"rendered":"<div data-elementor-type=\"wp-page\" data-elementor-id=\"1086\" class=\"elementor elementor-1086\" data-elementor-post-type=\"page\">\n\t\t\t\t\t\t<section class=\"elementor-section elementor-top-section elementor-element elementor-element-fb7a6e8 elementor-section-boxed elementor-section-height-default elementor-section-height-default\" data-id=\"fb7a6e8\" data-element_type=\"section\">\n\t\t\t\t\t\t<div class=\"elementor-container elementor-column-gap-default\">\n\t\t\t\t\t<div class=\"elementor-column elementor-col-100 elementor-top-column elementor-element elementor-element-803abe9\" data-id=\"803abe9\" data-element_type=\"column\">\n\t\t\t<div class=\"elementor-widget-wrap elementor-element-populated\">\n\t\t\t\t\t\t<div class=\"elementor-element elementor-element-930aae5 elementor-widget elementor-widget-heading\" data-id=\"930aae5\" data-element_type=\"widget\" data-widget_type=\"heading.default\">\n\t\t\t\t<div class=\"elementor-widget-container\">\n\t\t\t<h1 class=\"elementor-heading-title elementor-size-default\">Polityka plik\u00f3w cookie<\/h1>\t\t<\/div>\n\t\t\t\t<\/div>\n\t\t\t\t<div class=\"elementor-element elementor-element-6fa8342 elementor-widget elementor-widget-text-editor\" data-id=\"6fa8342\" data-element_type=\"widget\" data-widget_type=\"text-editor.default\">\n\t\t\t\t<div class=\"elementor-widget-container\">\n\t\t\t\t\t\t\t<p>Pliki cookie to ma\u0142e, proste pliki tekstowe, kt\u00f3re s\u0105 umieszczane na dysku twardym komputera podczas odwiedzania strony internetowej. Te pliki cookie mog\u0105 zapewni\u0107 optymalizacj\u0119 Twojej wizyty w witrynie. Na przyk\u0142ad Twoje preferencje s\u0105 zapami\u0119tywane, aby wy\u015bwietla\u0107 tylko te informacje, kt\u00f3re Ci\u0119 interesuj\u0105. Kolejn\u0105 zalet\u0105 jest to, \u017ce nie musisz si\u0119 logowa\u0107 ani wpisywa\u0107 tych samych informacji za ka\u017cdym razem, gdy odwiedzasz okre\u015blon\u0105 stron\u0119 internetow\u0105.<\/p>\t\t\t\t\t\t<\/div>\n\t\t\t\t<\/div>\n\t\t\t\t<div class=\"elementor-element elementor-element-d4cb9a2 elementor-widget elementor-widget-text-editor\" data-id=\"d4cb9a2\" data-element_type=\"widget\" data-widget_type=\"text-editor.default\">\n\t\t\t\t<div class=\"elementor-widget-container\">\n\t\t\t\t\t\t\t<p class=\"sqsrte-small\">Od maja 2018 roku wesz\u0142o w \u017cycie nowe rozporz\u0105dzenie UE: Og\u00f3lne Rozporz\u0105dzenie o Ochronie Danych Osobowych (RODO). Umieszczenie plik\u00f3w cookies mo\u017ce nast\u0105pi\u0107 wy\u0142\u0105cznie za wyra\u017an\u0105 zgod\u0105 internauty. Dlatego informujemy, \u017ce nasza strona korzysta z plik\u00f3w cookies i jaki jest tego pow\u00f3d.<\/p>\t\t\t\t\t\t<\/div>\n\t\t\t\t<\/div>\n\t\t\t\t<div class=\"elementor-element elementor-element-ddc1c2b elementor-widget elementor-widget-text-editor\" data-id=\"ddc1c2b\" data-element_type=\"widget\" data-widget_type=\"text-editor.default\">\n\t\t\t\t<div class=\"elementor-widget-container\">\n\t\t\t\t\t\t\t<p>S\u0105 to pliki cookies, kt\u00f3re s\u0105 niezb\u0119dne do funkcjonowania serwisu. Bez tych plik\u00f3w cookie niekt\u00f3re cz\u0119\u015bci nie mog\u0105 by\u0107 u\u017cywane. Przepisy prawa zezwalaj\u0105 nam na przechowywanie plik\u00f3w cookies na Twoim urz\u0105dzeniu, je\u017celi s\u0105 one bezwzgl\u0119dnie niezb\u0119dne do korzystania z serwisu. W przypadku wszystkich innych rodzaj\u00f3w plik\u00f3w cookie potrzebujemy Twojej zgody.\u00a0<\/p>\t\t\t\t\t\t<\/div>\n\t\t\t\t<\/div>\n\t\t\t\t<div class=\"elementor-element elementor-element-6c16ede elementor-widget elementor-widget-text-editor\" data-id=\"6c16ede\" data-element_type=\"widget\" data-widget_type=\"text-editor.default\">\n\t\t\t\t<div class=\"elementor-widget-container\">\n\t\t\t\t\t\t\t<p>Pliki cookie preferencji umo\u017cliwiaj\u0105 tej witrynie zapami\u0119tywanie informacji, kt\u00f3re wp\u0142ywaj\u0105 na zachowanie i wygl\u0105d witryny, takie jak preferowany j\u0119zyk lub region, w kt\u00f3rym mieszkasz.<\/p>\t\t\t\t\t\t<\/div>\n\t\t\t\t<\/div>\n\t\t\t\t<div class=\"elementor-element elementor-element-ba805f7 elementor-widget elementor-widget-text-editor\" data-id=\"ba805f7\" data-element_type=\"widget\" data-widget_type=\"text-editor.default\">\n\t\t\t\t<div class=\"elementor-widget-container\">\n\t\t\t\t\t\t\t<p class=\"sqsrte-small\">Statystyki odwiedzin mo\u017cna r\u00f3wnie\u017c \u015bledzi\u0107 za pomoc\u0105 plik\u00f3w cookie. Korzystamy z Google Analytics, aby uzyska\u0107 wgl\u0105d w zachowanie os\u00f3b odwiedzaj\u0105cych nasz\u0105 stron\u0119 internetow\u0105. Na podstawie tych danych uzyskujemy wgl\u0105d w zachowanie naszych go\u015bci podczas surfowania i odwiedzania i mo\u017cemy optymalizowa\u0107 nasz\u0105 stron\u0119 internetow\u0105 tam, gdzie to mo\u017cliwe. Informacje zbierane przez Google s\u0105 anonimizowane. \u017badne dane osobowe nie s\u0105 zatem przechowywane, co oznacza, \u017ce \u200b\u200bmo\u017cemy umieszcza\u0107 te pliki cookie bez pozwolenia. Nie udost\u0119pniamy tych informacji stronom trzecim.\u00a0<\/p>\t\t\t\t\t\t<\/div>\n\t\t\t\t<\/div>\n\t\t\t\t<div class=\"elementor-element elementor-element-1fe20b6 elementor-widget elementor-widget-text-editor\" data-id=\"1fe20b6\" data-element_type=\"widget\" data-widget_type=\"text-editor.default\">\n\t\t\t\t<div class=\"elementor-widget-container\">\n\t\t\t\t\t\t\t<p class=\"sqsrte-small\">Za pomoc\u0105 \u015bledz\u0105cych plik\u00f3w cookie mo\u017cemy mi\u0119dzy innymi reklamowa\u0107 si\u0119 bardziej szczeg\u00f3\u0142owo i rejestrowa\u0107, kt\u00f3re firmy i organizacje odwiedzaj\u0105 nasz\u0105 stron\u0119 internetow\u0105. W ten spos\u00f3b mo\u017cemy dostosowywa\u0107 oferty i dociera\u0107 do odwiedzaj\u0105cych z ciekawymi propozycjami. Te pliki cookie s\u0105 umieszczane tylko wtedy, gdy wyrazisz na to zgod\u0119. Obecnie nie u\u017cywamy \u015bledz\u0105cych plik\u00f3w cookie.<\/p>\t\t\t\t\t\t<\/div>\n\t\t\t\t<\/div>\n\t\t\t\t<div class=\"elementor-element elementor-element-14d1fec elementor-widget elementor-widget-text-editor\" data-id=\"14d1fec\" data-element_type=\"widget\" data-widget_type=\"text-editor.default\">\n\t\t\t\t<div class=\"elementor-widget-container\">\n\t\t\t\t\t\t\t<p>Mo\u017cesz zdecydowa\u0107, czy zaakceptowa\u0107 lub odrzuci\u0107 pliki cookie za pomoc\u0105 banera plik\u00f3w cookie, kt\u00f3ry pojawia si\u0119 na naszej stronie internetowej, gdy j\u0105 odwiedzasz, oraz za pomoc\u0105 ustawie\u0144 przegl\u0105darki. Wi\u0119kszo\u015b\u0107 przegl\u0105darek jest domy\u015blnie ustawiona na akceptowanie plik\u00f3w cookie, ale zwykle mo\u017cna zmieni\u0107 ustawienia przegl\u0105darki, aby odrzuca\u0142a pliki cookie. Musisz zresetowa\u0107 to dla ka\u017cdej przegl\u0105darki i dla ka\u017cdego komputera. Wyja\u015bnienie, jak zmieni\u0107 ustawienia, znajdziesz w \u201efunkcji pomocy\u201d swojej przegl\u0105darki.\u00a0<\/p><p>Uwaga: Mo\u017cliwe, \u017ce niekt\u00f3re funkcje i us\u0142ugi w naszej i innych witrynach internetowych nie b\u0119d\u0105 dzia\u0142a\u0107 poprawnie, je\u015bli pliki cookie zostan\u0105 wy\u0142\u0105czone w Twojej przegl\u0105darce.<\/p><p>Versie: 3\/11\/2023<\/p>\t\t\t\t\t\t<\/div>\n\t\t\t\t<\/div>\n\t\t\t\t\t<\/div>\n\t\t<\/div>\n\t\t\t\t\t<\/div>\n\t\t<\/section>\n\t\t\t\t<\/div>","protected":false},"excerpt":{"rendered":"<p>Cookie policy Cookies zijn kleine, eenvoudige tekstbestandjes die op de harde schijf van uw computer worden gezet als u een webpagina bezoekt. Deze cookies kunnen ervoor zorgen dat uw websitebezoek wordt geoptimaliseerd. Zo worden bijvoorbeeld uw voorkeuren onthouden om u alleen informatie te tonen die voor u interessant is. Een ander voordeel is dat u [&hellip;]<\/p>","protected":false},"author":1,"featured_media":0,"parent":0,"menu_order":0,"comment_status":"closed","ping_status":"closed","template":"","meta":{"footnotes":""},"class_list":["post-1086","page","type-page","status-publish","hentry"],"yoast_head":"<!-- This site is optimized with the Yoast SEO plugin v23.9 - https:\/\/yoast.com\/wordpress\/plugins\/seo\/ -->\n<title>Cookie policy - Mobiss<\/title>\n<meta name=\"robots\" content=\"index, follow, max-snippet:-1, max-image-preview:large, max-video-preview:-1\" \/>\n<link rel=\"canonical\" href=\"https:\/\/mobiss.be\/pl\/cookie-policy\/\" \/>\n<meta property=\"og:locale\" content=\"pl_PL\" \/>\n<meta property=\"og:type\" content=\"article\" \/>\n<meta property=\"og:title\" content=\"Cookie policy - Mobiss\" \/>\n<meta property=\"og:description\" content=\"Cookie policy Cookies zijn kleine, eenvoudige tekstbestandjes die op de harde schijf van uw computer worden gezet als u een webpagina bezoekt. Deze cookies kunnen ervoor zorgen dat uw websitebezoek wordt geoptimaliseerd. Zo worden bijvoorbeeld uw voorkeuren onthouden om u alleen informatie te tonen die voor u interessant is. Een ander voordeel is dat u [&hellip;]\" \/>\n<meta property=\"og:url\" content=\"https:\/\/mobiss.be\/pl\/cookie-policy\/\" \/>\n<meta property=\"og:site_name\" content=\"Mobiss\" \/>\n<meta property=\"article:modified_time\" content=\"2023-11-03T10:07:58+00:00\" \/>\n<meta name=\"twitter:card\" content=\"summary_large_image\" \/>\n<meta name=\"twitter:label1\" content=\"Szacowany czas czytania\" \/>\n\t<meta name=\"twitter:data1\" content=\"3 minuty\" \/>\n<script type=\"application\/ld+json\" class=\"yoast-schema-graph\">{\"@context\":\"https:\/\/schema.org\",\"@graph\":[{\"@type\":\"WebPage\",\"@id\":\"https:\/\/mobiss.be\/cookie-policy\/\",\"url\":\"https:\/\/mobiss.be\/cookie-policy\/\",\"name\":\"Cookie policy - Mobiss\",\"isPartOf\":{\"@id\":\"https:\/\/mobiss.be\/#website\"},\"datePublished\":\"2022-01-18T10:08:03+00:00\",\"dateModified\":\"2023-11-03T10:07:58+00:00\",\"breadcrumb\":{\"@id\":\"https:\/\/mobiss.be\/cookie-policy\/#breadcrumb\"},\"inLanguage\":\"pl-PL\",\"potentialAction\":[{\"@type\":\"ReadAction\",\"target\":[\"https:\/\/mobiss.be\/cookie-policy\/\"]}]},{\"@type\":\"BreadcrumbList\",\"@id\":\"https:\/\/mobiss.be\/cookie-policy\/#breadcrumb\",\"itemListElement\":[{\"@type\":\"ListItem\",\"position\":1,\"name\":\"Home\",\"item\":\"https:\/\/mobiss.be\/\"},{\"@type\":\"ListItem\",\"position\":2,\"name\":\"Cookie policy\"}]},{\"@type\":\"WebSite\",\"@id\":\"https:\/\/mobiss.be\/#website\",\"url\":\"https:\/\/mobiss.be\/\",\"name\":\"Mobiss\",\"description\":\"Raadpleeg altijd en overal uw verzekeringsbewijs\",\"potentialAction\":[{\"@type\":\"SearchAction\",\"target\":{\"@type\":\"EntryPoint\",\"urlTemplate\":\"https:\/\/mobiss.be\/?s={search_term_string}\"},\"query-input\":{\"@type\":\"PropertyValueSpecification\",\"valueRequired\":true,\"valueName\":\"search_term_string\"}}],\"inLanguage\":\"pl-PL\"}]}<\/script>\n<!-- \/ Yoast SEO plugin. -->","yoast_head_json":{"title":"Cookie policy - Mobiss","robots":{"index":"index","follow":"follow","max-snippet":"max-snippet:-1","max-image-preview":"max-image-preview:large","max-video-preview":"max-video-preview:-1"},"canonical":"https:\/\/mobiss.be\/pl\/cookie-policy\/","og_locale":"pl_PL","og_type":"article","og_title":"Cookie policy - Mobiss","og_description":"Cookie policy Cookies zijn kleine, eenvoudige tekstbestandjes die op de harde schijf van uw computer worden gezet als u een webpagina bezoekt. Deze cookies kunnen ervoor zorgen dat uw websitebezoek wordt geoptimaliseerd. Zo worden bijvoorbeeld uw voorkeuren onthouden om u alleen informatie te tonen die voor u interessant is. Een ander voordeel is dat u [&hellip;]","og_url":"https:\/\/mobiss.be\/pl\/cookie-policy\/","og_site_name":"Mobiss","article_modified_time":"2023-11-03T10:07:58+00:00","twitter_card":"summary_large_image","twitter_misc":{"Szacowany czas czytania":"3 minuty"},"schema":{"@context":"https:\/\/schema.org","@graph":[{"@type":"WebPage","@id":"https:\/\/mobiss.be\/cookie-policy\/","url":"https:\/\/mobiss.be\/cookie-policy\/","name":"Cookie policy - Mobiss","isPartOf":{"@id":"https:\/\/mobiss.be\/#website"},"datePublished":"2022-01-18T10:08:03+00:00","dateModified":"2023-11-03T10:07:58+00:00","breadcrumb":{"@id":"https:\/\/mobiss.be\/cookie-policy\/#breadcrumb"},"inLanguage":"pl-PL","potentialAction":[{"@type":"ReadAction","target":["https:\/\/mobiss.be\/cookie-policy\/"]}]},{"@type":"BreadcrumbList","@id":"https:\/\/mobiss.be\/cookie-policy\/#breadcrumb","itemListElement":[{"@type":"ListItem","position":1,"name":"Home","item":"https:\/\/mobiss.be\/"},{"@type":"ListItem","position":2,"name":"Cookie policy"}]},{"@type":"WebSite","@id":"https:\/\/mobiss.be\/#website","url":"https:\/\/mobiss.be\/","name":"Mobiss","description":"Raadpleeg altijd en overal uw verzekeringsbewijs","potentialAction":[{"@type":"SearchAction","target":{"@type":"EntryPoint","urlTemplate":"https:\/\/mobiss.be\/?s={search_term_string}"},"query-input":{"@type":"PropertyValueSpecification","valueRequired":true,"valueName":"search_term_string"}}],"inLanguage":"pl-PL"}]}},"_links":{"self":[{"href":"https:\/\/mobiss.be\/pl\/wp-json\/wp\/v2\/pages\/1086","targetHints":{"allow":["GET"]}}],"collection":[{"href":"https:\/\/mobiss.be\/pl\/wp-json\/wp\/v2\/pages"}],"about":[{"href":"https:\/\/mobiss.be\/pl\/wp-json\/wp\/v2\/types\/page"}],"author":[{"embeddable":true,"href":"https:\/\/mobiss.be\/pl\/wp-json\/wp\/v2\/users\/1"}],"replies":[{"embeddable":true,"href":"https:\/\/mobiss.be\/pl\/wp-json\/wp\/v2\/comments?post=1086"}],"version-history":[{"count":15,"href":"https:\/\/mobiss.be\/pl\/wp-json\/wp\/v2\/pages\/1086\/revisions"}],"predecessor-version":[{"id":1882,"href":"https:\/\/mobiss.be\/pl\/wp-json\/wp\/v2\/pages\/1086\/revisions\/1882"}],"wp:attachment":[{"href":"https:\/\/mobiss.be\/pl\/wp-json\/wp\/v2\/media?parent=1086"}],"curies":[{"name":"wp","href":"https:\/\/api.w.org\/{rel}","templated":true}]}}