{"id":1086,"date":"2022-01-18T10:08:03","date_gmt":"2022-01-18T10:08:03","guid":{"rendered":"https:\/\/mobiss.be\/?page_id=1086"},"modified":"2023-11-03T10:07:58","modified_gmt":"2023-11-03T10:07:58","slug":"cookie-policy","status":"publish","type":"page","link":"https:\/\/mobiss.be\/ro\/cookie-policy\/","title":{"rendered":"Politica de cookies"},"content":{"rendered":"<div data-elementor-type=\"wp-page\" data-elementor-id=\"1086\" class=\"elementor elementor-1086\" data-elementor-post-type=\"page\">\n\t\t\t\t\t\t<section class=\"elementor-section elementor-top-section elementor-element elementor-element-fb7a6e8 elementor-section-boxed elementor-section-height-default elementor-section-height-default\" data-id=\"fb7a6e8\" data-element_type=\"section\">\n\t\t\t\t\t\t<div class=\"elementor-container elementor-column-gap-default\">\n\t\t\t\t\t<div class=\"elementor-column elementor-col-100 elementor-top-column elementor-element elementor-element-803abe9\" data-id=\"803abe9\" data-element_type=\"column\">\n\t\t\t<div class=\"elementor-widget-wrap elementor-element-populated\">\n\t\t\t\t\t\t<div class=\"elementor-element elementor-element-930aae5 elementor-widget elementor-widget-heading\" data-id=\"930aae5\" data-element_type=\"widget\" data-widget_type=\"heading.default\">\n\t\t\t\t<div class=\"elementor-widget-container\">\n\t\t\t<h1 class=\"elementor-heading-title elementor-size-default\">Politica de cookies<\/h1>\t\t<\/div>\n\t\t\t\t<\/div>\n\t\t\t\t<div class=\"elementor-element elementor-element-6fa8342 elementor-widget elementor-widget-text-editor\" data-id=\"6fa8342\" data-element_type=\"widget\" data-widget_type=\"text-editor.default\">\n\t\t\t\t<div class=\"elementor-widget-container\">\n\t\t\t\t\t\t\t<p>Cookie-urile sunt fi\u0219iere text mici, simple, care sunt plasate pe hard disk-ul computerului dvs. atunci c\u00e2nd vizita\u021bi o pagin\u0103 web. Aceste cookie-uri v\u0103 pot asigura c\u0103 vizita dvs. pe site este optimizat\u0103. De exemplu, preferin\u021bele dumneavoastr\u0103 sunt re\u021binute pentru a v\u0103 afi\u0219a doar informa\u021bii care v\u0103 intereseaz\u0103. Un alt avantaj este c\u0103 nu trebuie s\u0103 v\u0103 autentifica\u021bi sau s\u0103 completa\u021bi acelea\u0219i informa\u021bii de fiecare dat\u0103 c\u00e2nd vizita\u021bi un anumit site web.<\/p>\t\t\t\t\t\t<\/div>\n\t\t\t\t<\/div>\n\t\t\t\t<div class=\"elementor-element elementor-element-d4cb9a2 elementor-widget elementor-widget-text-editor\" data-id=\"d4cb9a2\" data-element_type=\"widget\" data-widget_type=\"text-editor.default\">\n\t\t\t\t<div class=\"elementor-widget-container\">\n\t\t\t\t\t\t\t<p class=\"sqsrte-small\">Din mai 2018 a intrat \u00een vigoare noul regulament din UE: Regulamentul general privind protec\u021bia datelor (GDPR). Cookie-urile pot fi plasate numai cu acordul explicit al utilizatorului de internet. De aceea, v\u0103 anun\u021b\u0103m c\u0103 site-ul nostru web folose\u0219te cookie-uri \u0219i care este motivul.<\/p>\t\t\t\t\t\t<\/div>\n\t\t\t\t<\/div>\n\t\t\t\t<div class=\"elementor-element elementor-element-ddc1c2b elementor-widget elementor-widget-text-editor\" data-id=\"ddc1c2b\" data-element_type=\"widget\" data-widget_type=\"text-editor.default\">\n\t\t\t\t<div class=\"elementor-widget-container\">\n\t\t\t\t\t\t\t<p>Acestea sunt cookie-uri care sunt necesare pentru func\u021bionarea site-ului web. F\u0103r\u0103 aceste cookie-uri, anumite p\u0103r\u021bi nu pot fi utilizate. Legea ne permite s\u0103 stoc\u0103m cookie-uri pe dispozitivul dumneavoastr\u0103 dac\u0103 acestea sunt strict necesare pentru utilizarea site-ului. Pentru toate celelalte tipuri de cookie-uri avem nevoie de acordul dumneavoastr\u0103.\u00a0<\/p>\t\t\t\t\t\t<\/div>\n\t\t\t\t<\/div>\n\t\t\t\t<div class=\"elementor-element elementor-element-6c16ede elementor-widget elementor-widget-text-editor\" data-id=\"6c16ede\" data-element_type=\"widget\" data-widget_type=\"text-editor.default\">\n\t\t\t\t<div class=\"elementor-widget-container\">\n\t\t\t\t\t\t\t<p>Cookie-urile de preferin\u021b\u0103 permit acestui site s\u0103 re\u021bin\u0103 informa\u021bii care influen\u021beaz\u0103 comportamentul \u0219i designul site-ului web, cum ar fi limba preferat\u0103 sau regiunea \u00een care locui\u021bi.<\/p>\t\t\t\t\t\t<\/div>\n\t\t\t\t<\/div>\n\t\t\t\t<div class=\"elementor-element elementor-element-ba805f7 elementor-widget elementor-widget-text-editor\" data-id=\"ba805f7\" data-element_type=\"widget\" data-widget_type=\"text-editor.default\">\n\t\t\t\t<div class=\"elementor-widget-container\">\n\t\t\t\t\t\t\t<p class=\"sqsrte-small\">Statisticile vizitatorilor pot fi urm\u0103rite \u0219i cu ajutorul cookie-urilor. Utiliz\u0103m Google Analytics pentru a ob\u021bine o perspectiv\u0103 asupra comportamentului vizitatorilor site-ului nostru. Pe baza acestor date, ob\u021binem o perspectiv\u0103 asupra comportamentului de navigare \u0219i vizitare al vizitatorilor no\u0219tri \u0219i putem optimiza site-ul nostru pentru dvs. acolo unde este posibil. Informa\u021biile pe care Google le colecteaz\u0103 sunt anonimizate. Prin urmare, nu sunt stocate date personale, ceea ce \u00eenseamn\u0103 c\u0103 ne este permis s\u0103 plas\u0103m aceste cookie-uri f\u0103r\u0103 permisiune. Nu \u00eemp\u0103rt\u0103\u0219im aceste informa\u021bii cu ter\u021bi.\u00a0<\/p>\t\t\t\t\t\t<\/div>\n\t\t\t\t<\/div>\n\t\t\t\t<div class=\"elementor-element elementor-element-1fe20b6 elementor-widget elementor-widget-text-editor\" data-id=\"1fe20b6\" data-element_type=\"widget\" data-widget_type=\"text-editor.default\">\n\t\t\t\t<div class=\"elementor-widget-container\">\n\t\t\t\t\t\t\t<p class=\"sqsrte-small\">Cu ajutorul cookie-urilor de urm\u0103rire putem, printre altele, s\u0103 facem publicitate mai specific \u0219i s\u0103 \u00eenregistr\u0103m ce companii \u0219i organiza\u021bii viziteaz\u0103 site-ul nostru. In acest fel putem ajusta ofertele si aborda vizitatorii cu propuneri interesante. Aceste cookie-uri sunt plasate numai dac\u0103 acorda\u021bi permisiunea pentru acest lucru. \u00cen prezent, nu folosim cookie-uri de urm\u0103rire.<\/p>\t\t\t\t\t\t<\/div>\n\t\t\t\t<\/div>\n\t\t\t\t<div class=\"elementor-element elementor-element-14d1fec elementor-widget elementor-widget-text-editor\" data-id=\"14d1fec\" data-element_type=\"widget\" data-widget_type=\"text-editor.default\">\n\t\t\t\t<div class=\"elementor-widget-container\">\n\t\t\t\t\t\t\t<p>Pute\u021bi decide dac\u0103 accepta\u021bi sau refuza cookie-urile prin intermediul banner-ului cookie care apare pe site-ul nostru web atunci c\u00e2nd \u00eel vizita\u021bi \u0219i prin set\u0103rile browserului dumneavoastr\u0103. Majoritatea browserelor sunt setate s\u0103 accepte cookie-uri \u00een mod implicit, dar de obicei pute\u021bi ajusta set\u0103rile browserului pentru a refuza cookie-urile. Trebuie s\u0103 reseta\u021bi acest lucru pentru fiecare browser \u0219i pentru fiecare computer. Ve\u021bi g\u0103si o explica\u021bie despre cum s\u0103 modifica\u021bi set\u0103rile \u00een \u201efunc\u021bia de ajutor\u201d a browserului dumneavoastr\u0103.\u00a0<\/p><p>Not\u0103: Este posibil ca unele func\u021bii \u0219i servicii, pe site-urile noastre \u0219i pe alte site-uri web, s\u0103 nu func\u021bioneze corect dac\u0103 cookie-urile sunt dezactivate \u00een browserul dumneavoastr\u0103.<\/p><p>Versie: 3\/11\/2023<\/p>\t\t\t\t\t\t<\/div>\n\t\t\t\t<\/div>\n\t\t\t\t\t<\/div>\n\t\t<\/div>\n\t\t\t\t\t<\/div>\n\t\t<\/section>\n\t\t\t\t<\/div>","protected":false},"excerpt":{"rendered":"<p>Cookie policy Cookies zijn kleine, eenvoudige tekstbestandjes die op de harde schijf van uw computer worden gezet als u een webpagina bezoekt. Deze cookies kunnen ervoor zorgen dat uw websitebezoek wordt geoptimaliseerd. Zo worden bijvoorbeeld uw voorkeuren onthouden om u alleen informatie te tonen die voor u interessant is. Een ander voordeel is dat u [&hellip;]<\/p>","protected":false},"author":1,"featured_media":0,"parent":0,"menu_order":0,"comment_status":"closed","ping_status":"closed","template":"","meta":{"footnotes":""},"class_list":["post-1086","page","type-page","status-publish","hentry"],"yoast_head":"<!-- This site is optimized with the Yoast SEO plugin v23.9 - https:\/\/yoast.com\/wordpress\/plugins\/seo\/ -->\n<title>Cookie policy - Mobiss<\/title>\n<meta name=\"robots\" content=\"index, follow, max-snippet:-1, max-image-preview:large, max-video-preview:-1\" \/>\n<link rel=\"canonical\" href=\"https:\/\/mobiss.be\/ro\/cookie-policy\/\" \/>\n<meta property=\"og:locale\" content=\"ro_RO\" \/>\n<meta property=\"og:type\" content=\"article\" \/>\n<meta property=\"og:title\" content=\"Cookie policy - Mobiss\" \/>\n<meta property=\"og:description\" content=\"Cookie policy Cookies zijn kleine, eenvoudige tekstbestandjes die op de harde schijf van uw computer worden gezet als u een webpagina bezoekt. Deze cookies kunnen ervoor zorgen dat uw websitebezoek wordt geoptimaliseerd. Zo worden bijvoorbeeld uw voorkeuren onthouden om u alleen informatie te tonen die voor u interessant is. Een ander voordeel is dat u [&hellip;]\" \/>\n<meta property=\"og:url\" content=\"https:\/\/mobiss.be\/ro\/cookie-policy\/\" \/>\n<meta property=\"og:site_name\" content=\"Mobiss\" \/>\n<meta property=\"article:modified_time\" content=\"2023-11-03T10:07:58+00:00\" \/>\n<meta name=\"twitter:card\" content=\"summary_large_image\" \/>\n<meta name=\"twitter:label1\" content=\"Timp estimat pentru citire\" \/>\n\t<meta name=\"twitter:data1\" content=\"3 minute\" \/>\n<script type=\"application\/ld+json\" class=\"yoast-schema-graph\">{\"@context\":\"https:\/\/schema.org\",\"@graph\":[{\"@type\":\"WebPage\",\"@id\":\"https:\/\/mobiss.be\/cookie-policy\/\",\"url\":\"https:\/\/mobiss.be\/cookie-policy\/\",\"name\":\"Cookie policy - Mobiss\",\"isPartOf\":{\"@id\":\"https:\/\/mobiss.be\/#website\"},\"datePublished\":\"2022-01-18T10:08:03+00:00\",\"dateModified\":\"2023-11-03T10:07:58+00:00\",\"breadcrumb\":{\"@id\":\"https:\/\/mobiss.be\/cookie-policy\/#breadcrumb\"},\"inLanguage\":\"ro-RO\",\"potentialAction\":[{\"@type\":\"ReadAction\",\"target\":[\"https:\/\/mobiss.be\/cookie-policy\/\"]}]},{\"@type\":\"BreadcrumbList\",\"@id\":\"https:\/\/mobiss.be\/cookie-policy\/#breadcrumb\",\"itemListElement\":[{\"@type\":\"ListItem\",\"position\":1,\"name\":\"Home\",\"item\":\"https:\/\/mobiss.be\/\"},{\"@type\":\"ListItem\",\"position\":2,\"name\":\"Cookie policy\"}]},{\"@type\":\"WebSite\",\"@id\":\"https:\/\/mobiss.be\/#website\",\"url\":\"https:\/\/mobiss.be\/\",\"name\":\"Mobiss\",\"description\":\"Raadpleeg altijd en overal uw verzekeringsbewijs\",\"potentialAction\":[{\"@type\":\"SearchAction\",\"target\":{\"@type\":\"EntryPoint\",\"urlTemplate\":\"https:\/\/mobiss.be\/?s={search_term_string}\"},\"query-input\":{\"@type\":\"PropertyValueSpecification\",\"valueRequired\":true,\"valueName\":\"search_term_string\"}}],\"inLanguage\":\"ro-RO\"}]}<\/script>\n<!-- \/ Yoast SEO plugin. -->","yoast_head_json":{"title":"Cookie policy - Mobiss","robots":{"index":"index","follow":"follow","max-snippet":"max-snippet:-1","max-image-preview":"max-image-preview:large","max-video-preview":"max-video-preview:-1"},"canonical":"https:\/\/mobiss.be\/ro\/cookie-policy\/","og_locale":"ro_RO","og_type":"article","og_title":"Cookie policy - Mobiss","og_description":"Cookie policy Cookies zijn kleine, eenvoudige tekstbestandjes die op de harde schijf van uw computer worden gezet als u een webpagina bezoekt. Deze cookies kunnen ervoor zorgen dat uw websitebezoek wordt geoptimaliseerd. Zo worden bijvoorbeeld uw voorkeuren onthouden om u alleen informatie te tonen die voor u interessant is. Een ander voordeel is dat u [&hellip;]","og_url":"https:\/\/mobiss.be\/ro\/cookie-policy\/","og_site_name":"Mobiss","article_modified_time":"2023-11-03T10:07:58+00:00","twitter_card":"summary_large_image","twitter_misc":{"Timp estimat pentru citire":"3 minute"},"schema":{"@context":"https:\/\/schema.org","@graph":[{"@type":"WebPage","@id":"https:\/\/mobiss.be\/cookie-policy\/","url":"https:\/\/mobiss.be\/cookie-policy\/","name":"Cookie policy - Mobiss","isPartOf":{"@id":"https:\/\/mobiss.be\/#website"},"datePublished":"2022-01-18T10:08:03+00:00","dateModified":"2023-11-03T10:07:58+00:00","breadcrumb":{"@id":"https:\/\/mobiss.be\/cookie-policy\/#breadcrumb"},"inLanguage":"ro-RO","potentialAction":[{"@type":"ReadAction","target":["https:\/\/mobiss.be\/cookie-policy\/"]}]},{"@type":"BreadcrumbList","@id":"https:\/\/mobiss.be\/cookie-policy\/#breadcrumb","itemListElement":[{"@type":"ListItem","position":1,"name":"Home","item":"https:\/\/mobiss.be\/"},{"@type":"ListItem","position":2,"name":"Cookie policy"}]},{"@type":"WebSite","@id":"https:\/\/mobiss.be\/#website","url":"https:\/\/mobiss.be\/","name":"Mobiss","description":"Raadpleeg altijd en overal uw verzekeringsbewijs","potentialAction":[{"@type":"SearchAction","target":{"@type":"EntryPoint","urlTemplate":"https:\/\/mobiss.be\/?s={search_term_string}"},"query-input":{"@type":"PropertyValueSpecification","valueRequired":true,"valueName":"search_term_string"}}],"inLanguage":"ro-RO"}]}},"_links":{"self":[{"href":"https:\/\/mobiss.be\/ro\/wp-json\/wp\/v2\/pages\/1086","targetHints":{"allow":["GET"]}}],"collection":[{"href":"https:\/\/mobiss.be\/ro\/wp-json\/wp\/v2\/pages"}],"about":[{"href":"https:\/\/mobiss.be\/ro\/wp-json\/wp\/v2\/types\/page"}],"author":[{"embeddable":true,"href":"https:\/\/mobiss.be\/ro\/wp-json\/wp\/v2\/users\/1"}],"replies":[{"embeddable":true,"href":"https:\/\/mobiss.be\/ro\/wp-json\/wp\/v2\/comments?post=1086"}],"version-history":[{"count":15,"href":"https:\/\/mobiss.be\/ro\/wp-json\/wp\/v2\/pages\/1086\/revisions"}],"predecessor-version":[{"id":1882,"href":"https:\/\/mobiss.be\/ro\/wp-json\/wp\/v2\/pages\/1086\/revisions\/1882"}],"wp:attachment":[{"href":"https:\/\/mobiss.be\/ro\/wp-json\/wp\/v2\/media?parent=1086"}],"curies":[{"name":"wp","href":"https:\/\/api.w.org\/{rel}","templated":true}]}}